{"id":93,"date":"2010-05-06T16:29:52","date_gmt":"2010-05-06T14:29:52","guid":{"rendered":"http:\/\/www.biziberria.fr\/wordpress\/?page_id=93"},"modified":"2011-05-28T08:24:27","modified_gmt":"2011-05-28T06:24:27","slug":"les-actions-de-b-b","status":"publish","type":"page","link":"https:\/\/www.biziberria.fr\/wordpress\/?page_id=93","title":{"rendered":"Les ACTIONS de B.B."},"content":{"rendered":"<p style=\"text-align: center;\"><strong>Organiser des loisirs et s&rsquo;autogerer dans ceux \u00e7i grace \u00e0 l&rsquo;entraide\u00a0des c\u00e9r\u00e9brol\u00e9s\u00e9s, et parfois avec le soutient des membres bienfaiteurs et\u00a0d&rsquo;organismes divers afin de diversifier nos rencontres.<br \/>\nOrganiser\u00a0des\u00a0rencontres entre c\u00e9r\u00e9brol\u00e9s\u00e9s pour des groupes de parole, ou des ateliers, toujours pour vaincre cette solitude qui nous fait parfois nous sentir si seul.<br \/>\nCr\u00e9er un r\u00e9seau d&rsquo;entraide entre associations pour r\u00e8pondre au mieux aux besoins de chacun.<br \/>\nMettre en place des activit\u00e9s d&rsquo;information sur les handicaps visibles et invisibles afin qu&rsquo; il soit plus connus et donc moins effrayants pour le plus grand nombre.<br \/>\nNous profiterons de ces activit\u00e9s pour faire de la pr\u00e9vention afin d&rsquo;alerter, notamment les jeunes, sur les graves cons\u00e9quences\u00a0 de tous les comportements \u00e0 risques.<\/strong><\/p>\n<h1 style=\"text-align: center;\"><span style=\"font-weight: normal;\"><span style=\"color: #ff0000;\">C&rsquo;est donc pour cela que nous avons besoin de vous tous.<br \/>\nIl est important que nous nous aidions dans ce parcours pour en faire na\u00eetre\u00a0 une richesse commune.<\/span><\/span><\/h1>\n<h1 style=\"text-align: center;\"><span style=\"color: #333300;\">Prix de\u00a0l&rsquo;adh\u00e9sion\u00a020 Euros <\/span><\/h1>\n","protected":false},"excerpt":{"rendered":"<p>Organiser des loisirs et s&rsquo;autogerer dans ceux \u00e7i grace \u00e0 l&rsquo;entraide\u00a0des c\u00e9r\u00e9brol\u00e9s\u00e9s, et parfois avec le soutient des membres bienfaiteurs et\u00a0d&rsquo;organismes divers afin de diversifier nos rencontres. Organiser\u00a0des\u00a0rencontres entre c\u00e9r\u00e9brol\u00e9s\u00e9s pour des groupes de parole, ou des ateliers, toujours pour vaincre cette solitude qui nous fait parfois nous sentir si seul. Cr\u00e9er un r\u00e9seau d&rsquo;entraide [&hellip;]<\/p>\n","protected":false},"author":2,"featured_media":0,"parent":14,"menu_order":0,"comment_status":"closed","ping_status":"closed","template":"","meta":{"footnotes":""},"class_list":["post-93","page","type-page","status-publish","hentry"],"_links":{"self":[{"href":"https:\/\/www.biziberria.fr\/wordpress\/index.php?rest_route=\/wp\/v2\/pages\/93","targetHints":{"allow":["GET"]}}],"collection":[{"href":"https:\/\/www.biziberria.fr\/wordpress\/index.php?rest_route=\/wp\/v2\/pages"}],"about":[{"href":"https:\/\/www.biziberria.fr\/wordpress\/index.php?rest_route=\/wp\/v2\/types\/page"}],"author":[{"embeddable":true,"href":"https:\/\/www.biziberria.fr\/wordpress\/index.php?rest_route=\/wp\/v2\/users\/2"}],"replies":[{"embeddable":true,"href":"https:\/\/www.biziberria.fr\/wordpress\/index.php?rest_route=%2Fwp%2Fv2%2Fcomments&post=93"}],"version-history":[{"count":16,"href":"https:\/\/www.biziberria.fr\/wordpress\/index.php?rest_route=\/wp\/v2\/pages\/93\/revisions"}],"predecessor-version":[{"id":10781,"href":"https:\/\/www.biziberria.fr\/wordpress\/index.php?rest_route=\/wp\/v2\/pages\/93\/revisions\/10781"}],"up":[{"embeddable":true,"href":"https:\/\/www.biziberria.fr\/wordpress\/index.php?rest_route=\/wp\/v2\/pages\/14"}],"wp:attachment":[{"href":"https:\/\/www.biziberria.fr\/wordpress\/index.php?rest_route=%2Fwp%2Fv2%2Fmedia&parent=93"}],"curies":[{"name":"wp","href":"https:\/\/api.w.org\/{rel}","templated":true}]}}