{"id":7151,"date":"2014-04-14T10:14:15","date_gmt":"2014-04-14T08:14:15","guid":{"rendered":"http:\/\/www.biziberria.fr\/wordpress\/?page_id=7151"},"modified":"2017-05-22T10:13:47","modified_gmt":"2017-05-22T08:13:47","slug":"ag-2014","status":"publish","type":"page","link":"https:\/\/www.biziberria.fr\/wordpress\/?page_id=7151","title":{"rendered":"COMPTE RENDU 2017"},"content":{"rendered":"<p style=\"text-align: center;\"><strong>COMPTE RENDU DE L\u2019ASSEMBLEE GENERALE <\/strong><\/p>\n<p style=\"text-align: center;\"><strong>DE L\u2019ASSOCIATION BIZI BERRIA Le 08\/04\/17 \u00e0 14h45<\/strong><\/p>\n<p>Le 08 Avril, 14h45 les membres de l\u2019association se sont r\u00e9unis en assembl\u00e9e g\u00e9n\u00e9rale ordinaire au 4 avenue de Bayonne \u00e0 ANGLET sur convocation \u00e9crite faite par le pr\u00e9sident \u00a0L\u2019assembl\u00e9e est pr\u00e9sid\u00e9e par Mr Patrick LASSUS.<\/p>\n<p>13 Membres actifs sont pr\u00e9sents et 5 membres bienfaiteurs.<\/p>\n<p>Mr Patrick LASSSUS, pr\u00e9sident de l\u2019association, ouvre la s\u00e9ance et remercie les membres pr\u00e9sents d\u2019avoir bien voulu assister \u00e0 cette assembl\u00e9e g\u00e9n\u00e9rale.<\/p>\n<p>Le pr\u00e9sident donne ensuite lecture de son rapport moral pour l\u2019exercice \u00e9coul\u00e9. Il parle de l\u2019arriv\u00e9e de Mme Virginie DELPECH (nouvelle animatrice du GEM BIZI BERRIA) et des nombreuses activit\u00e9s r\u00e9guli\u00e8res et ponctuelles effectu\u00e9es par les membres actifs. Il rappelle les sorties propos\u00e9es \u00e0 tous les adh\u00e9rents, effectu\u00e9es par certain d\u2019entre eux. Il parle des ventes effectu\u00e9es, du futur changement de local, et des \u00e9v\u00e8nements \u00e0 venir.<\/p>\n<p>Puis la discussion est d\u00e9clar\u00e9e ouverte.<\/p>\n<p>Prennent successivement la parole : Mr COURNAULT Olivier pour demander la signification du sigle \u00ab\u00a0ARS\u00a0\u00bb (Association R\u00e9gionale de Sant\u00e9), puis Mr Pascal GOMMES pour proposer une activit\u00e9 et demander si l\u2019on pourrait se passer d\u2019une prestation de comptabilit\u00e9.<\/p>\n<p>Mme Lucia DELARSILLE tr\u00e9sori\u00e8re, donne lecture de son rapport sur les comptes de l\u2019exercice clos le 2016 Elle informe l\u2019assembl\u00e9e que le compte de r\u00e9sultat fait appara\u00eetre un b\u00e9n\u00e9fice net de 2399.57\u20ac<\/p>\n<p>Puis vote\u00a0: unanimit\u00e9<\/p>\n<h4>\u00c9lection du nouveau conseil d\u2019administration<\/h4>\n<p>Mr LASSUS reprend la parole pour faire l\u2019appel des candidatures pour l\u2019\u00e9lection du nouveau conseil d\u2019administration. Il expose \u00e9galement les dispositions statutaires pr\u00e9vues en la mati\u00e8re telles que fix\u00e9es les statuts.<\/p>\n<p>Patrick LASSUS, Julie ARGUINDEGUY, Lucia DELARSILLES, Emilie ERTAURAN, Mychi LE, Felipe DURRUTY, S\u00e9bastien JAQUEMIN, Paskual GOMMES, Dominique DASSE et Tristan CIARAVINO membres de l\u2019association se portent candidats pour les 10 si\u00e8ges \u00e0 pouvoir.<\/p>\n<p>Le vote de l\u2019assembl\u00e9e a lieu, \u00e0 mains lev\u00e9es.<\/p>\n<p><strong>Ont \u00e9t\u00e9 d\u00e9clar\u00e9s<\/strong><strong> \u00e9lus au conseil d\u2019administration<\/strong> :<\/p>\n<ol>\n<li>Mr LASSUS Patrick, n\u00e9 le  \u00a026\/05\/60 \u00e0 Bayonne demeurant 1 C All\u00e9e de plaisance 64\u00a0600 ANGLET, \u00a0de nationalit\u00e9 Fran\u00e7aise.<\/li>\n<li>Melle Julie ARGUINDEGUY, n\u00e9 le 14\/11\/1983 \u00e0 Bayonne demeurant chemin HARRIETA 64240 Briscous, de nationalit\u00e9 Fran\u00e7aise.<\/li>\n<li>Mme Lucia DELARSILLES, n\u00e9 le 15\/04\/1958 \u00e0 Begles, demeurant 13 Dongotxenia 64700 HENDAYE, de nationalit\u00e9 Fran\u00e7aise et Espagnole.<\/li>\n<li>Mr Felipe DURRUTY, n\u00e9 le 21\/03\/1967 \u00e0 Hasparren , demeurant Aldapan 64240 AYHERRE, de nationalit\u00e9 Fran\u00e7aise.<\/li>\n<li>Melle Emilie ERTAURAN, n\u00e9 le21\/06\/1985 \u00e0 Bayonne, demeurant chemin de fortune \u00e0 Bayonne, de nationalit\u00e9 Fran\u00e7aise.<\/li>\n<li>Mme Mychi LE, n\u00e9e le 25\/12\/1968, \u00e0 Vientiane (Laos) , demeurant 37 Rue de l\u2019or\u00e9 du bois 64 340 BOUCAU, de nationalit\u00e9 Fran\u00e7aise.<\/li>\n<li>Mr S\u00e9bastien JAQUEMIN, n\u00e9 le 26\/09\/1968, demeurant ferme Camiade 5, rue ROLAND 64\u00a0600 ANGLET, de nationalit\u00e9 Fran\u00e7aise.<\/li>\n<li>Mr DASSE Dominique, n\u00e9 le 05\/05\/1954, \u00e0 Saint jour de Maremnes, demeurant 40 all\u00e9e des Arbousiers 40230 St. Vincent de Tyrosse, de nationalit\u00e9 Fran\u00e7aise<\/li>\n<li>Mr Paskual GOMMES n\u00e9 le 03\/06\/1955, \u00e0 Saint Jean de Luz, demeurant goxoa chemin idartia, de nationalit\u00e9 Fran\u00e7aise.<\/li>\n<li>Mr CIARAVINO Tristan n\u00e9 le 05\/09\/1992, \u00e0 Bayonne, demeurant18 Oianhalda 2 Sagarnoiko 64250 Cambo, de nationalit\u00e9 fran\u00e7aise.<\/li>\n<\/ol>\n<p>Mr LASSUS propose que la r\u00e9union de conseil d\u2019administration visant \u00e0 \u00e9lire le bureau se fasse directement ce jour-ci au vu des probl\u00e8mes de transport de chacun.<\/p>\n<p><strong>Ainsi le bureau est constitu\u00e9<\/strong> :<\/p>\n<p>&#8211;\u00a0\u00a0\u00a0\u00a0\u00a0\u00a0\u00a0 <strong><span style=\"text-decoration: underline;\">Pr\u00e9sident<\/span><\/strong> : Mr LASSUS Patrick, n\u00e9 le 26\/05\/60 \u00e0 Bayonne demeurant 1 C All\u00e9e de plaisance 64\u00a0600 ANGLET,\u00a0 de nationalit\u00e9 Fran\u00e7aise.<\/p>\n<p>&#8211;\u00a0\u00a0\u00a0\u00a0\u00a0\u00a0\u00a0 <strong><span style=\"text-decoration: underline;\">Vice pr\u00e9sidente<\/span><\/strong><span style=\"text-decoration: underline;\"> <\/span>: Melle Julie ARGUINDEGUY, n\u00e9 le 14\/11\/1983 \u00e0 Bayonne demeurant chemin HARRIETA 64240 Briscous, de nationalit\u00e9 Fran\u00e7aise<\/p>\n<p>&#8211;\u00a0\u00a0\u00a0\u00a0\u00a0\u00a0\u00a0 <strong><span style=\"text-decoration: underline;\">Secr\u00e9taire<\/span><\/strong><span style=\"text-decoration: underline;\"> <\/span>: Mme Mychi LE, n\u00e9e le 25\/12\/1968, \u00e0 Vientiane (Laos) , demeurant 37 Rue de l\u2019or\u00e9 du bois 64 340 BOUCAU, de nationalit\u00e9 Fran\u00e7aise<\/p>\n<p>&#8211;\u00a0\u00a0\u00a0\u00a0\u00a0\u00a0\u00a0 <strong><span style=\"text-decoration: underline;\">Vice Secr\u00e9taire<\/span><\/strong> : Melle Emilie ERTAURAN, n\u00e9 le21\/06\/1985 \u00e0 Bayonne, demeurant chemin de fortune \u00e0 Bayonne, de nationalit\u00e9 Fran\u00e7aise<\/p>\n<p>&#8211;\u00a0\u00a0\u00a0\u00a0\u00a0\u00a0\u00a0 <strong><span style=\"text-decoration: underline;\">Tr\u00e9sori\u00e8re<\/span><\/strong> : Mme Lucia DELARSILLES, n\u00e9 le 15\/04\/1958 \u00e0 Begles, demeurant 13 Dongotxenia 64700 HENDAYE, de nationalit\u00e9 Fran\u00e7aise et Espagnole<\/p>\n<p>&#8211;\u00a0\u00a0\u00a0\u00a0\u00a0\u00a0\u00a0 <strong><span style=\"text-decoration: underline;\">Vice tr\u00e9sorier<\/span><\/strong> : Mr Felipe DURRUTY, n\u00e9 le 21\/03\/1967 \u00e0 Hasparren , demeurant Aldapan 64240 AYHERRE, de nationalit\u00e9 Fran\u00e7aise<\/p>\n<p>Cl\u00f4ture de l\u2019assembl\u00e9e g\u00e9n\u00e9rale ordinaire<\/p>\n<p>L\u2019ordre du jour \u00e9tant \u00e9puis\u00e9 et personne ne demandant plus la parole, Mr LASSUS d\u00e9clare la s\u00e9ance lev\u00e9e \u00e0 16H05 heures.<\/p>\n","protected":false},"excerpt":{"rendered":"<p>COMPTE RENDU DE L\u2019ASSEMBLEE GENERALE DE L\u2019ASSOCIATION BIZI BERRIA Le 08\/04\/17 \u00e0 14h45 Le 08 Avril, 14h45 les membres de l\u2019association se sont r\u00e9unis en assembl\u00e9e g\u00e9n\u00e9rale ordinaire au 4 avenue de Bayonne \u00e0 ANGLET sur convocation \u00e9crite faite par le pr\u00e9sident \u00a0L\u2019assembl\u00e9e est pr\u00e9sid\u00e9e par Mr Patrick LASSUS. 13 Membres actifs sont pr\u00e9sents et [&hellip;]<\/p>\n","protected":false},"author":2,"featured_media":0,"parent":333,"menu_order":1,"comment_status":"closed","ping_status":"closed","template":"","meta":{"footnotes":""},"class_list":["post-7151","page","type-page","status-publish","hentry"],"_links":{"self":[{"href":"https:\/\/www.biziberria.fr\/wordpress\/index.php?rest_route=\/wp\/v2\/pages\/7151","targetHints":{"allow":["GET"]}}],"collection":[{"href":"https:\/\/www.biziberria.fr\/wordpress\/index.php?rest_route=\/wp\/v2\/pages"}],"about":[{"href":"https:\/\/www.biziberria.fr\/wordpress\/index.php?rest_route=\/wp\/v2\/types\/page"}],"author":[{"embeddable":true,"href":"https:\/\/www.biziberria.fr\/wordpress\/index.php?rest_route=\/wp\/v2\/users\/2"}],"replies":[{"embeddable":true,"href":"https:\/\/www.biziberria.fr\/wordpress\/index.php?rest_route=%2Fwp%2Fv2%2Fcomments&post=7151"}],"version-history":[{"count":14,"href":"https:\/\/www.biziberria.fr\/wordpress\/index.php?rest_route=\/wp\/v2\/pages\/7151\/revisions"}],"predecessor-version":[{"id":10050,"href":"https:\/\/www.biziberria.fr\/wordpress\/index.php?rest_route=\/wp\/v2\/pages\/7151\/revisions\/10050"}],"up":[{"embeddable":true,"href":"https:\/\/www.biziberria.fr\/wordpress\/index.php?rest_route=\/wp\/v2\/pages\/333"}],"wp:attachment":[{"href":"https:\/\/www.biziberria.fr\/wordpress\/index.php?rest_route=%2Fwp%2Fv2%2Fmedia&parent=7151"}],"curies":[{"name":"wp","href":"https:\/\/api.w.org\/{rel}","templated":true}]}}