{"id":4785,"date":"2012-09-09T09:32:03","date_gmt":"2012-09-09T07:32:03","guid":{"rendered":"http:\/\/www.biziberria.fr\/wordpress\/?page_id=4785"},"modified":"2012-09-09T09:41:14","modified_gmt":"2012-09-09T07:41:14","slug":"olivier","status":"publish","type":"page","link":"https:\/\/www.biziberria.fr\/wordpress\/?page_id=4785","title":{"rendered":"OLIVIER"},"content":{"rendered":"<h3 style=\"text-align: left;\"><a href=\"http:\/\/www.biziberria.fr\/wordpress\/wp-content\/uploads\/2012\/09\/olivier2.jpg\"><img loading=\"lazy\" decoding=\"async\" class=\"alignleft size-full wp-image-4786\" title=\"olivier2\" src=\"http:\/\/www.biziberria.fr\/wordpress\/wp-content\/uploads\/2012\/09\/olivier2.jpg\" alt=\"\" width=\"303\" height=\"348\" srcset=\"https:\/\/www.biziberria.fr\/wordpress\/wp-content\/uploads\/2012\/09\/olivier2.jpg 303w, https:\/\/www.biziberria.fr\/wordpress\/wp-content\/uploads\/2012\/09\/olivier2-261x300.jpg 261w\" sizes=\"auto, (max-width: 303px) 100vw, 303px\" \/><\/a><\/h3>\n<h3 style=\"text-align: left;\"><em><span style=\"color: #000080;\">Anglet, le lundi 3 septembre 2012<\/span><\/em><\/h3>\n<h3 style=\"text-align: justify;\"><em><span style=\"color: #000080;\"> <\/span><\/em><span style=\"color: #000080; font-style: italic;\">Bonjour Julie, bonjour Patrick \u2026 et oouuii, les femmes en premier \u2026 non, non, je me fouts <\/span><span style=\"color: #000080; font-style: italic;\">royalement des conventions,<\/span><\/h3>\n<h3 style=\"text-align: justify;\"><span style=\"color: #000080; font-style: italic;\">Bonjour Mr le pr\u00e9sident de Bizi Berria, bonjour Madame la vice-pr\u00e9sidente, voil\u00e0 l\u2019ordre est <\/span><span style=\"color: #000080; font-style: italic;\">r\u00e9\u00e9tabli !<\/span><\/h3>\n<h3 style=\"text-align: justify;\"><span style=\"color: #000080; font-style: italic;\">Je voulais vous dire que je suis HEUREUX d\u2019\u00eatre membre de votre association : BIZI BERRIA.<\/span><\/h3>\n<h3 style=\"text-align: justify;\"><em><span style=\"color: #000080;\"> Au cours de ce premier week end, j\u2019ai vu de l\u2019amiti\u00e9 entre les personnes \u2026 bon, les gar\u00e7ons ont\u00a0encore des efforts \u00e0 fournir \u2026 comment ? \u2026 si, si, ily a de la marge, \u00e7a demande du \u00ab l\u00e2cher\u00a0prise \u00bb, c\u2019est tout ! \u2026 non, non, malgr\u00e9 les statuts, pr\u00e9sident, etc \u2026 j\u2019ai vu de l\u2019amiti\u00e9 et du\u00a0respect de l\u2019autre \u2026 si, si, beaucoup \u2026je ne sais pas comment \u2026 quelle \u00e9nergie vous d\u00e9ployez\u00a0pour cela mais MERCI \u00e0 vous membres du bureau et organisateurs et bravo \u2026 si, si !!\u00a0Quoi d\u2019autre ?! ah oui, avec Delphine nous pensons venir au week end du 23 septembre \u2026 voil\u00e0.<br \/>\nA la prochaine ? \u2026<br \/>\nOlivier.<\/span><\/em><\/h3>\n<h3 style=\"text-align: justify;\"><span style=\"font-style: italic; color: #000080;\">Donc, un week-end \u2026 super !!A la cuisine : Patrick \u2026 et c\u2019\u00e9tait m\u00e9ga-bon,A la pr\u00e9paration des plats, les filles \u2026 toutes ou \u00e0 peu pr\u00e8s \u2026 moi, au d\u00e9but j\u2019avais mon\u00a0d\u00e9ambulateur \u2026 ouais, je sais ! que ce n\u2019est pas une excuse, mais quand je suis debout \u00a0je\u00a0manque d\u2019\u00e9quilibre \u2026 donc, en attendant je ronflais ou je bouquinais \u2026 trop bien la pi\u00e8ce de\u00a0th\u00e9atre que je lis \u2026 hein ? \u2026 ah, oui, le week end \u2026 \u00e0 l\u2019organisation \u2026 fais battre le tambour &#8230;\u00a0rrrrrr-rrrrrrr-rrrrrrrrrrrrrrrrrrrrrrrrrr \u2026 Julie, la visse ( ?)-pr\u00e9sidente et Patrick, le\u00a0pr\u00e9sident \u2026 oouuiiii \u2026 et cuisinier \u2026 je tonne d\u2019aplaudissements.Samedi, nous sommes zall\u00e9 faire un tour dans la pampa basque au dessus d\u2019Hasparren, voir\u00a0des \u00e9tendues de foug\u00e8res, et des sculptures, le long du chemin \u2026 \u00a012, \u00a0il y en avait \u2026 non,\u00a0chuis pas s\u00fbr \u2026 mais c\u2019\u00e9tait booonn \u2026 c\u2019est bon pour le moral, c\u2019est bon-bon !! \u2026 allez on danse\u00a0\u2026 \u00e7a zooke !! \u2026 c\u2019est bon-bon !\u2026 et nous \u00e9tions toutes et tous dans la remorque d\u2019un tracteur\u00a0\u2026 RRRuumm-rruuumm \u2026 et le guide \u2026 son pr\u00e8nom a travers\u00e9 ma t\u00eate sans vraiment s\u2019arr\u00eater\u00a0\u2026 qui sait qui c\u2019est ? \u2026une apr\u00e8s midi GE ANTE !!Le reste ? oohhh ben, cuisine (merci Patrick),miam-miam, douche,pipi, caca \u2026 humain quoi !!Ah oui, il est pr\u00e9vu de refaire un ouikene avec eux \u2026 quand ? \u2026 le 23 septembre, avec\u00a0Delphine, nous avons pr\u00e9vu d\u2019y aller \u2026 \u00e7a ne se manque pas !!<\/span><\/h3>\n","protected":false},"excerpt":{"rendered":"<p>Anglet, le lundi 3 septembre 2012 Bonjour Julie, bonjour Patrick \u2026 et oouuii, les femmes en premier \u2026 non, non, je me fouts royalement des conventions, Bonjour Mr le pr\u00e9sident de Bizi Berria, bonjour Madame la vice-pr\u00e9sidente, voil\u00e0 l\u2019ordre est r\u00e9\u00e9tabli ! Je voulais vous dire que je suis HEUREUX d\u2019\u00eatre membre de votre association [&hellip;]<\/p>\n","protected":false},"author":2,"featured_media":0,"parent":4523,"menu_order":1,"comment_status":"closed","ping_status":"closed","template":"","meta":{"footnotes":""},"class_list":["post-4785","page","type-page","status-publish","hentry"],"_links":{"self":[{"href":"https:\/\/www.biziberria.fr\/wordpress\/index.php?rest_route=\/wp\/v2\/pages\/4785","targetHints":{"allow":["GET"]}}],"collection":[{"href":"https:\/\/www.biziberria.fr\/wordpress\/index.php?rest_route=\/wp\/v2\/pages"}],"about":[{"href":"https:\/\/www.biziberria.fr\/wordpress\/index.php?rest_route=\/wp\/v2\/types\/page"}],"author":[{"embeddable":true,"href":"https:\/\/www.biziberria.fr\/wordpress\/index.php?rest_route=\/wp\/v2\/users\/2"}],"replies":[{"embeddable":true,"href":"https:\/\/www.biziberria.fr\/wordpress\/index.php?rest_route=%2Fwp%2Fv2%2Fcomments&post=4785"}],"version-history":[{"count":8,"href":"https:\/\/www.biziberria.fr\/wordpress\/index.php?rest_route=\/wp\/v2\/pages\/4785\/revisions"}],"predecessor-version":[{"id":4795,"href":"https:\/\/www.biziberria.fr\/wordpress\/index.php?rest_route=\/wp\/v2\/pages\/4785\/revisions\/4795"}],"up":[{"embeddable":true,"href":"https:\/\/www.biziberria.fr\/wordpress\/index.php?rest_route=\/wp\/v2\/pages\/4523"}],"wp:attachment":[{"href":"https:\/\/www.biziberria.fr\/wordpress\/index.php?rest_route=%2Fwp%2Fv2%2Fmedia&parent=4785"}],"curies":[{"name":"wp","href":"https:\/\/api.w.org\/{rel}","templated":true}]}}