{"id":4304,"date":"2012-07-26T18:35:40","date_gmt":"2012-07-26T16:35:40","guid":{"rendered":"http:\/\/www.biziberria.fr\/wordpress\/?page_id=4304"},"modified":"2012-07-26T18:35:40","modified_gmt":"2012-07-26T16:35:40","slug":"mardi","status":"publish","type":"page","link":"https:\/\/www.biziberria.fr\/wordpress\/?page_id=4304","title":{"rendered":"MARDI"},"content":{"rendered":"<h3 style=\"text-align: justify;\"><span style=\"color: #0000ff;\">Donc les mardi Pizza se sont transform\u00e9s en atelier cuisine avec et pour les chanteurs du Samsad de St Jean de Luz. Chacun y va de son envie ou de ses d\u00e9sirs afin que nous \u00e9laborions un plat. Cet atelier\u00a0s\u2019ins\u00e8re dans les activit\u00e9s GEM, je vous propose de voir les photos au fur et \u00e0 mesure que nous les vivrons et les mangerons.\u00a0La premi\u00e9r\u00e9 semaine nous avons avec Ixabel fait un plat Portugais, Fideoa. Ensuite avec G\u00e9rard un couscous, puis avec Francis des Lasagnes, ah on voyage avec la cuisine \u00e0 BIZI BERRIA. Maintenant les nouvelle exp\u00e9riences seront a d\u00e9couvrir en photo.<\/span><\/h3>\n<p style=\"text-align: justify;\"><a href=\"http:\/\/www.biziberria.fr\/wordpress\/wp-content\/uploads\/2012\/07\/Photo0258.jpg\"><\/a><\/p>\n<p style=\"text-align: justify;\"><a href=\"http:\/\/www.biziberria.fr\/wordpress\/wp-content\/uploads\/2012\/07\/Photo0258.jpg\"><img loading=\"lazy\" decoding=\"async\" class=\"alignleft size-full wp-image-4306\" title=\"Photo0258\" src=\"http:\/\/www.biziberria.fr\/wordpress\/wp-content\/uploads\/2012\/07\/Photo0258.jpg\" alt=\"\" width=\"840\" height=\"504\" \/><\/a><\/p>\n","protected":false},"excerpt":{"rendered":"<p>Donc les mardi Pizza se sont transform\u00e9s en atelier cuisine avec et pour les chanteurs du Samsad de St Jean de Luz. Chacun y va de son envie ou de ses d\u00e9sirs afin que nous \u00e9laborions un plat. Cet atelier\u00a0s\u2019ins\u00e8re dans les activit\u00e9s GEM, je vous propose de voir les photos au fur et \u00e0 [&hellip;]<\/p>\n","protected":false},"author":2,"featured_media":0,"parent":0,"menu_order":65,"comment_status":"closed","ping_status":"closed","template":"","meta":{"footnotes":""},"class_list":["post-4304","page","type-page","status-publish","hentry"],"_links":{"self":[{"href":"https:\/\/www.biziberria.fr\/wordpress\/index.php?rest_route=\/wp\/v2\/pages\/4304","targetHints":{"allow":["GET"]}}],"collection":[{"href":"https:\/\/www.biziberria.fr\/wordpress\/index.php?rest_route=\/wp\/v2\/pages"}],"about":[{"href":"https:\/\/www.biziberria.fr\/wordpress\/index.php?rest_route=\/wp\/v2\/types\/page"}],"author":[{"embeddable":true,"href":"https:\/\/www.biziberria.fr\/wordpress\/index.php?rest_route=\/wp\/v2\/users\/2"}],"replies":[{"embeddable":true,"href":"https:\/\/www.biziberria.fr\/wordpress\/index.php?rest_route=%2Fwp%2Fv2%2Fcomments&post=4304"}],"version-history":[{"count":1,"href":"https:\/\/www.biziberria.fr\/wordpress\/index.php?rest_route=\/wp\/v2\/pages\/4304\/revisions"}],"predecessor-version":[{"id":4307,"href":"https:\/\/www.biziberria.fr\/wordpress\/index.php?rest_route=\/wp\/v2\/pages\/4304\/revisions\/4307"}],"wp:attachment":[{"href":"https:\/\/www.biziberria.fr\/wordpress\/index.php?rest_route=%2Fwp%2Fv2%2Fmedia&parent=4304"}],"curies":[{"name":"wp","href":"https:\/\/api.w.org\/{rel}","templated":true}]}}