{"id":4067,"date":"2012-06-03T19:45:07","date_gmt":"2012-06-03T17:45:07","guid":{"rendered":"http:\/\/www.biziberria.fr\/wordpress\/?page_id=4067"},"modified":"2012-06-03T19:45:07","modified_gmt":"2012-06-03T17:45:07","slug":"rotary-2012","status":"publish","type":"page","link":"https:\/\/www.biziberria.fr\/wordpress\/?page_id=4067","title":{"rendered":"ROTARY 2012"},"content":{"rendered":"<p>Nous avons comme toujours \u00e9t\u00e9s re\u00e7us comme des rois, pour cette remise de\u00a0ch\u00e8que\u00a0au restaurant du Rond Point \u00e0 Hossegor,\u00a0apr\u00e8s\u00a0les remises de\u00a0ch\u00e8ques\u00a0et autre\u00a0d\u00e9fibrillateur du quel nous avons eu une explication de son utilit\u00e9\u00a0tr\u00e8s\u00a0importante et son\u00a0fonctionnement,\u00a0\u00a0le buffet \u00e9tait comme chaque fois \u00e0 la hauteur de\u00a0l\u2019\u00e9v\u00e8nement, en voici qques photos.<\/p>\n","protected":false},"excerpt":{"rendered":"<p>Nous avons comme toujours \u00e9t\u00e9s re\u00e7us comme des rois, pour cette remise de\u00a0ch\u00e8que\u00a0au restaurant du Rond Point \u00e0 Hossegor,\u00a0apr\u00e8s\u00a0les remises de\u00a0ch\u00e8ques\u00a0et autre\u00a0d\u00e9fibrillateur du quel nous avons eu une explication de son utilit\u00e9\u00a0tr\u00e8s\u00a0importante et son\u00a0fonctionnement,\u00a0\u00a0le buffet \u00e9tait comme chaque fois \u00e0 la hauteur de\u00a0l\u2019\u00e9v\u00e8nement, en voici qques photos.<\/p>\n","protected":false},"author":2,"featured_media":0,"parent":445,"menu_order":0,"comment_status":"closed","ping_status":"open","template":"","meta":{"footnotes":""},"class_list":["post-4067","page","type-page","status-publish","hentry"],"_links":{"self":[{"href":"https:\/\/www.biziberria.fr\/wordpress\/index.php?rest_route=\/wp\/v2\/pages\/4067","targetHints":{"allow":["GET"]}}],"collection":[{"href":"https:\/\/www.biziberria.fr\/wordpress\/index.php?rest_route=\/wp\/v2\/pages"}],"about":[{"href":"https:\/\/www.biziberria.fr\/wordpress\/index.php?rest_route=\/wp\/v2\/types\/page"}],"author":[{"embeddable":true,"href":"https:\/\/www.biziberria.fr\/wordpress\/index.php?rest_route=\/wp\/v2\/users\/2"}],"replies":[{"embeddable":true,"href":"https:\/\/www.biziberria.fr\/wordpress\/index.php?rest_route=%2Fwp%2Fv2%2Fcomments&post=4067"}],"version-history":[{"count":2,"href":"https:\/\/www.biziberria.fr\/wordpress\/index.php?rest_route=\/wp\/v2\/pages\/4067\/revisions"}],"predecessor-version":[{"id":4071,"href":"https:\/\/www.biziberria.fr\/wordpress\/index.php?rest_route=\/wp\/v2\/pages\/4067\/revisions\/4071"}],"up":[{"embeddable":true,"href":"https:\/\/www.biziberria.fr\/wordpress\/index.php?rest_route=\/wp\/v2\/pages\/445"}],"wp:attachment":[{"href":"https:\/\/www.biziberria.fr\/wordpress\/index.php?rest_route=%2Fwp%2Fv2%2Fmedia&parent=4067"}],"curies":[{"name":"wp","href":"https:\/\/api.w.org\/{rel}","templated":true}]}}