{"id":3747,"date":"2012-01-14T12:11:15","date_gmt":"2012-01-14T10:11:15","guid":{"rendered":"http:\/\/www.biziberria.fr\/wordpress\/?page_id=3747"},"modified":"2014-11-30T10:45:10","modified_gmt":"2014-11-30T08:45:10","slug":"gem","status":"publish","type":"page","link":"https:\/\/www.biziberria.fr\/wordpress\/?page_id=3747","title":{"rendered":"GEM"},"content":{"rendered":"<h3 style=\"text-align: justify;\"><span style=\"color: #ff0000;\">Bizi Berria \u00e0 obtenu une subvention du Groupe d&rsquo;Entraide Mutualiste, subvention destin\u00e9e \u00e0 permettre de cr\u00e9er des ateliers en ayant la possibilit\u00e9 de\u00a0r\u00e9mun\u00e9rer des intervenants ou animateurs pour organiser ces derniers. Nous sommes entrain de d\u00e9finir les vrais besoins de B.B. et nous vous informerons tr\u00e8s bient\u00f4t du nouveau dans les activit\u00e9s de notre association.<\/span><\/h3>\n<h2><span style=\"color: #333300;\">Nous avons donc organis\u00e9 une\u00a0r\u00e9union\u00a0avec les partenaires pour la demande et maintenant la gestion des activit\u00e9s.<\/span><\/h2>\n<h2 style=\"text-align: center;\"><span style=\"color: #333300;\"><a href=\"http:\/\/www.biziberria.fr\/wordpress\/wp-content\/uploads\/2012\/01\/Photo0298.jpg\">\n\t\t<style type=\"text\/css\">\n\t\t\t#gallery-1 {\n\t\t\t\tmargin: auto;\n\t\t\t}\n\t\t\t#gallery-1 .gallery-item {\n\t\t\t\tfloat: left;\n\t\t\t\tmargin-top: 10px;\n\t\t\t\ttext-align: center;\n\t\t\t\twidth: 25%;\n\t\t\t}\n\t\t\t#gallery-1 img {\n\t\t\t\tborder: 2px solid #cfcfcf;\n\t\t\t}\n\t\t\t#gallery-1 .gallery-caption {\n\t\t\t\tmargin-left: 0;\n\t\t\t}\n\t\t\t\/* see gallery_shortcode() in wp-includes\/media.php *\/\n\t\t<\/style>\n\t\t<div id='gallery-1' class='gallery galleryid-3747 gallery-columns-4 gallery-size-thumbnail'><dl class='gallery-item'>\n\t\t\t<dt class='gallery-icon landscape'>\n\t\t\t\t<a href='https:\/\/www.biziberria.fr\/wordpress\/wp-content\/uploads\/2012\/01\/Photo0297.jpg'><img loading=\"lazy\" decoding=\"async\" width=\"150\" height=\"90\" src=\"https:\/\/www.biziberria.fr\/wordpress\/wp-content\/uploads\/2012\/01\/Photo0297.jpg\" class=\"attachment-thumbnail size-thumbnail\" alt=\"\" \/><\/a>\n\t\t\t<\/dt><\/dl><dl class='gallery-item'>\n\t\t\t<dt class='gallery-icon landscape'>\n\t\t\t\t<a href='https:\/\/www.biziberria.fr\/wordpress\/wp-content\/uploads\/2012\/01\/Photo0298.jpg'><img loading=\"lazy\" decoding=\"async\" width=\"150\" height=\"90\" src=\"https:\/\/www.biziberria.fr\/wordpress\/wp-content\/uploads\/2012\/01\/Photo0298.jpg\" class=\"attachment-thumbnail size-thumbnail\" alt=\"\" \/><\/a>\n\t\t\t<\/dt><\/dl><dl class='gallery-item'>\n\t\t\t<dt class='gallery-icon landscape'>\n\t\t\t\t<a href='https:\/\/www.biziberria.fr\/wordpress\/wp-content\/uploads\/2012\/01\/Photo0296.jpg'><img loading=\"lazy\" decoding=\"async\" width=\"150\" height=\"90\" src=\"https:\/\/www.biziberria.fr\/wordpress\/wp-content\/uploads\/2012\/01\/Photo0296.jpg\" class=\"attachment-thumbnail size-thumbnail\" alt=\"\" \/><\/a>\n\t\t\t<\/dt><\/dl>\n\t\t\t<br style='clear: both' \/>\n\t\t<\/div>\n<\/p>\n<p><\/a><a href=\"http:\/\/www.biziberria.fr\/wordpress\/wp-content\/uploads\/2012\/01\/Photo0298.jpg\"><\/a><a href=\"http:\/\/www.biziberria.fr\/wordpress\/wp-content\/uploads\/2012\/01\/Photo0298.jpg\"><\/a><a href=\"http:\/\/www.biziberria.fr\/wordpress\/wp-content\/uploads\/2012\/01\/Photo0298.jpg\"><\/a><a href=\"http:\/\/www.biziberria.fr\/wordpress\/wp-content\/uploads\/2012\/01\/Photo0298.jpg\"><\/a><a href=\"http:\/\/www.biziberria.fr\/wordpress\/wp-content\/uploads\/2012\/01\/Photo0298.jpg\"><\/a><a href=\"http:\/\/www.biziberria.fr\/wordpress\/wp-content\/uploads\/2012\/01\/Photo0298.jpg\"><\/a><\/p>\n<p><\/span><\/h2>\n<p><strong><span style=\"text-decoration: underline;\">Compte rendu r\u00e9union 23\/02\/2012 Jeudi\u00a0 avec les partenaires GEM<\/span><\/strong><\/p>\n<p><strong> <\/strong><\/p>\n<p><strong> <\/strong><\/p>\n<p><strong> <\/strong><\/p>\n<p><strong>Ordre du jour:<\/strong><\/p>\n<p><strong> <\/strong>Faire le point sur les actions et projet afin de regrouper les c\u00e9r\u00e9brol\u00e9s\u00e9s vers des activit\u00e9s et ateliers propos\u00e9es dans le cadre du GEM, les id\u00e9es de tous pour cr\u00e9er les ateliers, les moyens logistiques pour amener les gens vers ces ateliers.<\/p>\n<p><strong>Pr\u00e9sents:<\/strong><\/p>\n<p><strong> <\/strong>Samsad\u00a0: Dominique Jardin, Sarah Ferrand, Julie (stagiaire ergo), G\u00e9rard Marchand<\/p>\n<p>Bertizkunde\u00a0, APF\u00a0: Josiane MARCHAND(secr\u00e9taire et vice pr\u00e9sidente apf)<\/p>\n<p>Biarritzenia\u00a0: Jean FALAGAN, Emilie<\/p>\n<p>Ainhoa MURILLO animatrice Gem Psy Tyrosse<\/p>\n<p>Nathalie LAFFON: Arth\u00e9rapeute<\/p>\n<p>Bizi Berria\u00a0: Julie Arguindeguy, Lucia Delarsille, Emilie Ertauran, Bruno Valienne, Patrick Lassus.<\/p>\n<p><strong> <\/strong><\/p>\n<p><strong>Excus\u00e9s:<\/strong><\/p>\n<p>Katalin Lajusticia, Thyerry<\/p>\n<p>Le pr\u00e9sident annonce la s\u00e9ance ouverte et chacun se pr\u00e9sente, puis Patrick annonce le but de cette rencontre entre partenaires et int\u00e9ress\u00e9s par le nouveau GEM et le d\u00e9sir de partage avec le plus grand nombre de c\u00e9r\u00e9brol\u00e9s\u00e9s et comment les r\u00e9unir.<\/p>\n<p><span style=\"text-decoration: underline;\">Transport<\/span> :<\/p>\n<p>Location ponctuelle d\u2019un v\u00e9hicule suivant les besoins, covoiturage<\/p>\n<p><span style=\"text-decoration: underline;\">Id\u00e9es d\u2019activit\u00e9s<\/span> :<\/p>\n<p><strong> <\/strong>Manifestations sociaux culturelles, th\u00e9\u00e2tre, art th\u00e9rapie, peinture, chant, informatique, esth\u00e9tique, cuisine\u2026<\/p>\n<p><strong>Fonctionnement\u00a0:<\/strong><\/p>\n<p>&#8211;\u00a0\u00a0\u00a0\u00a0\u00a0\u00a0\u00a0\u00a0\u00a0 Etablir un planning trimestriel sur les activit\u00e9s r\u00e9guli\u00e8res, voir l\u2019int\u00e9r\u00eat des membres des partenaires<\/p>\n<p>&#8211;\u00a0\u00a0\u00a0\u00a0\u00a0\u00a0\u00a0\u00a0\u00a0 Cotisations GEM 5euros\/an puis participation suivant activit\u00e9<\/p>\n<p>&#8211;\u00a0\u00a0\u00a0\u00a0\u00a0\u00a0\u00a0\u00a0\u00a0 Collaboration avec les autres assos, r\u00e9seau entre GEMs<\/p>\n<p>&#8211;\u00a0\u00a0\u00a0\u00a0\u00a0\u00a0\u00a0\u00a0\u00a0 Etablir un budget pr\u00e9visionnel<\/p>\n<p>&#8211;\u00a0\u00a0\u00a0\u00a0\u00a0\u00a0\u00a0\u00a0\u00a0 Art th\u00e9rapeute 30<sup>E <\/sup>\/h<\/p>\n<p><strong>En conclusion<\/strong> :<\/p>\n<p>Inviter une partie des membres du SAMSAD pour leur pr\u00e9senter le projet GEM? Ses buts, le fonctionnement et l\u2019id\u00e9e qu\u2019on s\u2019en fait. Leur demander ce qui les int\u00e9resse concr\u00e8tement et leurs envies.<\/p>\n<p>Pour susciter l\u2019int\u00e9r\u00eat des c\u00e9r\u00e9brol\u00e9s\u00e9s, invitation pour d\u00e9cider, se regrouper et trouver les occupations communes,<\/p>\n<p><strong>Prochaine rencontre le Jeudi 15 mars \u00e0 14h<\/strong><\/p>\n","protected":false},"excerpt":{"rendered":"<p>Bizi Berria \u00e0 obtenu une subvention du Groupe d&rsquo;Entraide Mutualiste, subvention destin\u00e9e \u00e0 permettre de cr\u00e9er des ateliers en ayant la possibilit\u00e9 de\u00a0r\u00e9mun\u00e9rer des intervenants ou animateurs pour organiser ces derniers. Nous sommes entrain de d\u00e9finir les vrais besoins de B.B. et nous vous informerons tr\u00e8s bient\u00f4t du nouveau dans les activit\u00e9s de notre association. [&hellip;]<\/p>\n","protected":false},"author":2,"featured_media":0,"parent":0,"menu_order":3,"comment_status":"closed","ping_status":"closed","template":"","meta":{"footnotes":""},"class_list":["post-3747","page","type-page","status-publish","hentry"],"_links":{"self":[{"href":"https:\/\/www.biziberria.fr\/wordpress\/index.php?rest_route=\/wp\/v2\/pages\/3747","targetHints":{"allow":["GET"]}}],"collection":[{"href":"https:\/\/www.biziberria.fr\/wordpress\/index.php?rest_route=\/wp\/v2\/pages"}],"about":[{"href":"https:\/\/www.biziberria.fr\/wordpress\/index.php?rest_route=\/wp\/v2\/types\/page"}],"author":[{"embeddable":true,"href":"https:\/\/www.biziberria.fr\/wordpress\/index.php?rest_route=\/wp\/v2\/users\/2"}],"replies":[{"embeddable":true,"href":"https:\/\/www.biziberria.fr\/wordpress\/index.php?rest_route=%2Fwp%2Fv2%2Fcomments&post=3747"}],"version-history":[{"count":17,"href":"https:\/\/www.biziberria.fr\/wordpress\/index.php?rest_route=\/wp\/v2\/pages\/3747\/revisions"}],"predecessor-version":[{"id":7493,"href":"https:\/\/www.biziberria.fr\/wordpress\/index.php?rest_route=\/wp\/v2\/pages\/3747\/revisions\/7493"}],"wp:attachment":[{"href":"https:\/\/www.biziberria.fr\/wordpress\/index.php?rest_route=%2Fwp%2Fv2%2Fmedia&parent=3747"}],"curies":[{"name":"wp","href":"https:\/\/api.w.org\/{rel}","templated":true}]}}