{"id":333,"date":"2010-05-21T11:43:58","date_gmt":"2010-05-21T09:43:58","guid":{"rendered":"http:\/\/www.biziberria.fr\/wordpress\/?page_id=333"},"modified":"2017-05-22T09:58:18","modified_gmt":"2017-05-22T07:58:18","slug":"ag","status":"publish","type":"page","link":"https:\/\/www.biziberria.fr\/wordpress\/?page_id=333","title":{"rendered":"Assembl\u00e9e"},"content":{"rendered":"<h2 style=\"text-align: center;\"><span style=\"text-decoration: underline;\"><span style=\"color: #000080;\">Rapport moral et compte rendu<\/span><\/span><\/h2>\n<p>Bonjour \u00e0 tous\u00a0!<\/p>\n<p>Tout d\u2019abord merci \u00e0 tous ceux qui sont pr\u00e9sents physiquement ou mentalement ou quelque part l\u00e0 haut.<\/p>\n<p>Bon c\u2019\u00e9tait l\u2019anniversaire de Bizi Berria le 07 AVRIL donc un peu le v\u00f4tre.<\/p>\n<p>Comme tous les 3 ans, l\u2019ensemble des membres du conseil d\u2019administration d\u00e9missionne, une nouvelle \u00e9lection aura lieu<\/p>\n<p>Il y a eu 97 membres \u00e0 BIZI BERRIA en 2016 (comme en 2015) dont 38 membres c\u00e9r\u00e9brol\u00e9s\u00e9s (membres actifs)<\/p>\n<p>Cette ann\u00e9e a \u00e9t\u00e9 marqu\u00e9e de plusieurs \u00e9v\u00e8nements\u00a0:<\/p>\n<p>&#8211;\u00a0\u00a0\u00a0\u00a0\u00a0\u00a0\u00a0 <strong>il y a eu le d\u00e9part d\u2019Alain l\u2019animateur de notre GEM.<\/strong><\/p>\n<p>Sa rempla\u00e7ante, Virginie \u00e0 fait son arriv\u00e9e le 1<sup>er<\/sup> Juin, appr\u00e9ci\u00e9e par les personnes qui l\u2019ont c\u00f4toy\u00e9e et, surtout d\u00e9pr\u00e9ci\u00e9e par <strong><em><span style=\"text-decoration: underline;\">aucun<\/span><\/em><\/strong> des membres c\u00e9r\u00e9brol\u00e9s\u00e9s, son dynamisme nous plait beaucoup. L\u2019air nouveau qu\u2019elle a souffl\u00e9 au GEM BB est rafraichissant et captivant.<\/p>\n<p>Malgr\u00e9 des craintes, on a fait une bonne p\u00eache<\/p>\n<p><strong>Ensuite il y a eu des petits soucis avec<\/strong> <strong>l\u2019ARS<\/strong> (organisme qui subventionne le GEM)<\/p>\n<p>Mais que voulez vous quand on d\u00e9tient une subvention, et que l\u2019on est un des plus gros GEM TC de France, il faut s\u2019attendre \u00e0 ce qu\u2019il y ait des jaloux\u00a0! Petit rappel au niveau du GEM toutes les envies des c\u00e9r\u00e9brol\u00e9s\u00e9s, ou propositions d\u2019activit\u00e9s sont accueillis \u00e0 bras ouverts mais parfois non effectu\u00e9s pour cause budg\u00e9taire ou inaccessibilit\u00e9. Vous pouvez en parler librement \u00e0 VIRGINIE, Julie et moi en direct, par tel ou par internet mais il y a aussi une boite \u00e0 id\u00e9es \u00e0 votre intention qui est en permanence au local.<\/p>\n<p>Le r\u00e8glement du GEM a lui aussi \u00e9t\u00e9 modifi\u00e9, un contrat d\u2019adh\u00e9sion a \u00e9t\u00e9 \u00a0aussi mis en place depuis cette ann\u00e9e. Et enfin des r\u00e8gles de vie ont \u00e9t\u00e9 accroch\u00e9es sur le mur. Tout ceci a \u00e9t\u00e9 valid\u00e9 par le comit\u00e9 de direction du GEM et l\u2019ARS.<\/p>\n<p>&#8211;\u00a0\u00a0\u00a0\u00a0\u00a0\u00a0\u00a0 <strong>Enfin, et cette nouvelle n\u2019est pas des moindres,<\/strong><\/p>\n<p>L\u2019occupation de notre local \u00e0 titre gratuit prend fin en Septembre 2018, cela ne veux pas dire qu\u2019il ne sera plus gratuit, cela veux dire que Bizi Berria ne sera plus au 4 avenue de Bayonne \u00e0 ANGLET.<\/p>\n<p>Nous avons visit\u00e9 un autre local gratuit, \u00e0 plaisance, il y a beaucoup de travaux certes, le local est plus petit, mais les gros gros points sont qu\u2019il est accessible en bus, qu\u2019 il y a un parking, qu\u2019 il est dot\u00e9 d un jardin.<\/p>\n<p>A part \u00e7a il y a toujours les activit\u00e9s fixes des c\u00e9r\u00e9brol\u00e9s\u00e9s\u00a0: gym, \u00e9quitation, repas convivial des mardis, thalasso, cin\u00e9 et bowling et enfin atelier mouvement corporel, escalade et, au premier trimestre mandala. Dans les activit\u00e9s ponctuelles il y a le surf, les pique niques, la braderie, la pirogue, promenade en bateau, le th\u00e9\u00e2tre, atelier jus de fruit, yoga, bowling, plages, s\u00e9jours (camping et ski), march\u00e9s, esth\u00e9tique, cin\u00e9mas\u00a0: plein air et en salle, mini golf, aquarium sans \u00e9, p\u00e2tisseries, spectacles, concert, th\u00e9\u00e2tre, resto, karting.<\/p>\n<p>Bref quand je parle de dynamysme\u2026<\/p>\n<p>Donc le s\u00e9jour s\u2019est d\u00e9roul\u00e9 au camping de Labenne avec comme activit\u00e9\u00a0: zoo de Labenne, thalasso \u00e0 Dune et eaux \u00e0 Sylvamar (autre camping de Labenne) et promenade dans les boutiques. Tout c\u2019est bien d\u00e9roul\u00e9, on ne s\u2019est pas entretu\u00e9. Presque tout le monde a particip\u00e9 sans r\u00e2ler au nettoyage de fin de s\u00e9jour s\u2019en \u00e9tait m\u00eame \u00e9mouvant \u2026comme quoi\u2026<\/p>\n<p>Ensuite, il y a eu un mini s\u00e9jour \u00e0 la pierre saint martin. Pour celui-ci nous avons engag\u00e9 ponctuellement une seconde \u00e9ducatrice sp\u00e9cialis\u00e9e\u00a0: JULIE. La pr\u00e9sentation qui avait eu lieu au cours d\u2019une autre activit\u00e9 s\u2019est bien pass\u00e9e, et la cohabitation lors du s\u00e9jour aussi donc\u00a0: bonne pioche\u00a0!<\/p>\n<p>Ce s\u00e9jour, en lui-m\u00eame \u00e0 \u00e9t\u00e9 rapide et intense mais tout les participants ont \u00e9t\u00e9 tr\u00e8s satisfaits\u00a0!<\/p>\n<p>Pour les repas communs \u00e0 tous les membres de BB\u00a0: f\u00eate de TYROSSE, f\u00eate de BAYONNE et enfin le succulent resto\u00a0 d\u2019HENDAYE \u00ab\u00a0le chantier\u00a0\u00bb. A chaque fois ca s\u2019est bien d\u00e9roul\u00e9.<\/p>\n<p>Il y a eu notre fructueuse vente de muguets, qui s\u2019est d\u00e9roul\u00e9e avec moins de petites mains, mais qui s\u2019est d\u00e9roul\u00e9e quand m\u00eame et ma foi les b\u00e9n\u00e9fices dont ont parlera tout \u00e0 l\u2019heure aussi. Merci aux fid\u00e8les acheteurs et vendeurs.<\/p>\n<p>Cette ann\u00e9e encore, nous recommencerons bien s\u00fbr!.<\/p>\n<p>Enfin, fin Janvier, nous avons \u00e9t\u00e9 invit\u00e9s, voire sollicit\u00e9s lourdement plut\u00f4t, \u00e0 r\u00e9aliser un court m\u00e9trage. Ayant \u00e9t\u00e9 avertis fin janvier, avec une remise du court m\u00e9trage pour le 20 F\u00e9vrier\u2026 Nous n\u2019avons pas fait de r\u00e9union, pour voir ce qu\u2019on montrait, comment\u2026 Donc on a d\u00e9cid\u00e9 de filmer une s\u00e9ance d\u2019\u00e9quitation et un bref passage du repas du mardi. On a tent\u00e9 cette premi\u00e8re ann\u00e9e,\u00a0 un peu \u00e0 l\u2019arrach\u00e9e et on est arriv\u00e9\u00a0:\u00a0\u00a0\u00a0\u00a0\u00a0\u00a0\u00a0\u00a0 Nous pensons reconduire cette action si elle a lieu, avec un peu plus de temps, nous pensons pouvoir s\u2019organiser autrement, et donc mobiliser plus de membres c\u00e9r\u00e9brol\u00e9s\u00e9s.<\/p>\n<p>Si j\u2019oublei quelque chose, veuillez m\u2019en excuser.<\/p>\n<p>Je vais laisser la parole \u00e0 Lucia, qui vous pr\u00e9sentera les comptes de l\u2019association et ensuite nous proc\u00e8derons au vote du conseil d\u2019administration.<\/p>\n<p>Qui approuve les comptes\u00a0?<\/p>\n<p>Qui d\u00e9sapprouve\u00a0?<\/p>\n<p>Alors se pr\u00e9sente d\u00e9j\u00e0 au C.A\u00a0:<\/p>\n<p>PATRICK LASSUS<\/p>\n<p>ARGUINDEGUY JULIE<\/p>\n<p>DELARSILLES LUCIA<\/p>\n<p>ERTAURAN EMILIE<\/p>\n<p>MYTCHI LE<\/p>\n<p>JAQUEMIN SEBASTIEN<\/p>\n<p>DURRUTY FELIPE<\/p>\n<p>Il y a-t-il d\u2019autres candidats\u00a0?<\/p>\n<p>Ok, alors il y a\u00a0\u00a0\u00a0 personnes. ON va proc\u00e9der au vote\u00a0:<\/p>\n<p>Qui n\u2019est pas d accord\u00a0?<\/p>\n<p>Bon, tb donc le conseil d\u2019administration va se retirer afin de proc\u00e9der au vote du bureau.<\/p>\n","protected":false},"excerpt":{"rendered":"<p>Rapport moral et compte rendu Bonjour \u00e0 tous\u00a0! Tout d\u2019abord merci \u00e0 tous ceux qui sont pr\u00e9sents physiquement ou mentalement ou quelque part l\u00e0 haut. Bon c\u2019\u00e9tait l\u2019anniversaire de Bizi Berria le 07 AVRIL donc un peu le v\u00f4tre. Comme tous les 3 ans, l\u2019ensemble des membres du conseil d\u2019administration d\u00e9missionne, une nouvelle \u00e9lection aura [&hellip;]<\/p>\n","protected":false},"author":2,"featured_media":0,"parent":0,"menu_order":98,"comment_status":"closed","ping_status":"closed","template":"","meta":{"footnotes":""},"class_list":["post-333","page","type-page","status-publish","hentry"],"_links":{"self":[{"href":"https:\/\/www.biziberria.fr\/wordpress\/index.php?rest_route=\/wp\/v2\/pages\/333","targetHints":{"allow":["GET"]}}],"collection":[{"href":"https:\/\/www.biziberria.fr\/wordpress\/index.php?rest_route=\/wp\/v2\/pages"}],"about":[{"href":"https:\/\/www.biziberria.fr\/wordpress\/index.php?rest_route=\/wp\/v2\/types\/page"}],"author":[{"embeddable":true,"href":"https:\/\/www.biziberria.fr\/wordpress\/index.php?rest_route=\/wp\/v2\/users\/2"}],"replies":[{"embeddable":true,"href":"https:\/\/www.biziberria.fr\/wordpress\/index.php?rest_route=%2Fwp%2Fv2%2Fcomments&post=333"}],"version-history":[{"count":8,"href":"https:\/\/www.biziberria.fr\/wordpress\/index.php?rest_route=\/wp\/v2\/pages\/333\/revisions"}],"predecessor-version":[{"id":335,"href":"https:\/\/www.biziberria.fr\/wordpress\/index.php?rest_route=\/wp\/v2\/pages\/333\/revisions\/335"}],"wp:attachment":[{"href":"https:\/\/www.biziberria.fr\/wordpress\/index.php?rest_route=%2Fwp%2Fv2%2Fmedia&parent=333"}],"curies":[{"name":"wp","href":"https:\/\/api.w.org\/{rel}","templated":true}]}}