{"id":1698,"date":"2010-10-29T17:09:34","date_gmt":"2010-10-29T15:09:34","guid":{"rendered":"http:\/\/www.biziberria.fr\/wordpress\/?page_id=1698"},"modified":"2014-07-22T16:25:28","modified_gmt":"2014-07-22T14:25:28","slug":"repas-de-fin-dannee","status":"publish","type":"page","link":"https:\/\/www.biziberria.fr\/wordpress\/?page_id=1698","title":{"rendered":"Repas de fin d&rsquo;ann\u00e9e,"},"content":{"rendered":"<h3 style=\"text-align: justify;\"><em><span style=\"color: #003300;\">Enfin nous avons l\u2019endroit o\u00f9 nous d\u00e9gusterons ce repas de fin 2010, la date et je vais m\u00eame vous d\u00e9crire le menu, ce n\u2019est pas beau \u00e7a.<\/span><\/em><\/h3>\n<h3 style=\"text-align: justify;\"><em><span style=\"color: #003300;\">Donc le repas se fera au restaurant \u00ab\u00a0le Grillon\u00a0\u00bb situ\u00e9 sur le bord de l\u2019Adour, juste avant la salle Napol\u00e9on, le parking est l\u00e0 devant la salle Napol\u00e9on\u00a0et sera le 11 D\u00e9cembre \u00e0 midi. Le prix sera de 10 Euros par personne pour les membres de Bizi Berria et de 16 Euros pour les autres.<\/span><\/em><\/h3>\n<h2 style=\"text-align: center;\"><em><span style=\"color: #993300;\">Pour en revenir \u00e0 nos moutons le Menu sera\u00a0:<\/span><\/em><\/h2>\n<h2 style=\"text-align: center;\"><span style=\"color: #000080;\">Salade de g\u00e9siers.<\/span><\/h2>\n<h2 style=\"text-align: center;\"><span style=\"color: #000080;\">&#8212;&#8212;&#8212;&#8212;&#8211;<\/span><\/h2>\n<h2 style=\"text-align: center;\"><span style=\"color: #000080;\">Confit de canard<\/span><\/h2>\n<h2 style=\"text-align: center;\"><span style=\"color: #000080;\">ou<\/span><\/h2>\n<h2 style=\"text-align: center;\"><span style=\"color: #000080;\">Magret de canard<\/span><\/h2>\n<h2 style=\"text-align: center;\"><span style=\"color: #000080;\">ou<\/span><\/h2>\n<h2 style=\"text-align: center;\"><span style=\"color: #000080;\">Entrec\u00f4te<\/span><\/h2>\n<h2 style=\"text-align: center;\"><span style=\"color: #000080;\">Garni de pommes saut\u00e9es<\/span><\/h2>\n<h2 style=\"text-align: center;\"><span style=\"color: #000080;\">&#8212;&#8212;&#8212;&#8212;&#8211;<\/span><\/h2>\n<h2 style=\"text-align: center;\"><span style=\"color: #000080;\">Plateau de fromages<\/span><\/h2>\n<h2 style=\"text-align: center;\"><span style=\"color: #000080;\">&#8212;&#8212;&#8212;&#8212;&#8211;<\/span><\/h2>\n<h2 style=\"text-align: center;\"><span style=\"color: #000080;\">Dessert au choix sur le moment<\/span><\/h2>\n<h2 style=\"text-align: center;\"><span style=\"color: #000080;\">For\u00eat noire<\/span><\/h2>\n<h2 style=\"text-align: center;\"><span style=\"color: #000080;\">G\u00e2teau melba<\/span><\/h2>\n<h2 style=\"text-align: center;\"><span style=\"color: #000080;\">G\u00e2teau basque<\/span><\/h2>\n<h2 style=\"text-align: center;\"><span style=\"color: #000080;\"> <\/span><\/h2>\n<h2 style=\"text-align: center;\"><span style=\"color: #000080;\">\u00bc de vin et Caf\u00e9 compris.<\/span><\/h2>\n<h2 style=\"text-align: center;\"><em><span style=\"color: #993300;\"> Par contre il sera imp\u00e9ratif de choisir son plat avant en r\u00e9pondant \u00e0 notre tr\u00e8s prochain courrier.<\/span><\/em><\/h2>\n","protected":false},"excerpt":{"rendered":"<p>Enfin nous avons l\u2019endroit o\u00f9 nous d\u00e9gusterons ce repas de fin 2010, la date et je vais m\u00eame vous d\u00e9crire le menu, ce n\u2019est pas beau \u00e7a. Donc le repas se fera au restaurant \u00ab\u00a0le Grillon\u00a0\u00bb situ\u00e9 sur le bord de l\u2019Adour, juste avant la salle Napol\u00e9on, le parking est l\u00e0 devant la salle Napol\u00e9on\u00a0et [&hellip;]<\/p>\n","protected":false},"author":2,"featured_media":0,"parent":485,"menu_order":12,"comment_status":"closed","ping_status":"closed","template":"","meta":{"footnotes":""},"class_list":["post-1698","page","type-page","status-publish","hentry"],"_links":{"self":[{"href":"https:\/\/www.biziberria.fr\/wordpress\/index.php?rest_route=\/wp\/v2\/pages\/1698","targetHints":{"allow":["GET"]}}],"collection":[{"href":"https:\/\/www.biziberria.fr\/wordpress\/index.php?rest_route=\/wp\/v2\/pages"}],"about":[{"href":"https:\/\/www.biziberria.fr\/wordpress\/index.php?rest_route=\/wp\/v2\/types\/page"}],"author":[{"embeddable":true,"href":"https:\/\/www.biziberria.fr\/wordpress\/index.php?rest_route=\/wp\/v2\/users\/2"}],"replies":[{"embeddable":true,"href":"https:\/\/www.biziberria.fr\/wordpress\/index.php?rest_route=%2Fwp%2Fv2%2Fcomments&post=1698"}],"version-history":[{"count":9,"href":"https:\/\/www.biziberria.fr\/wordpress\/index.php?rest_route=\/wp\/v2\/pages\/1698\/revisions"}],"predecessor-version":[{"id":7391,"href":"https:\/\/www.biziberria.fr\/wordpress\/index.php?rest_route=\/wp\/v2\/pages\/1698\/revisions\/7391"}],"up":[{"embeddable":true,"href":"https:\/\/www.biziberria.fr\/wordpress\/index.php?rest_route=\/wp\/v2\/pages\/485"}],"wp:attachment":[{"href":"https:\/\/www.biziberria.fr\/wordpress\/index.php?rest_route=%2Fwp%2Fv2%2Fmedia&parent=1698"}],"curies":[{"name":"wp","href":"https:\/\/api.w.org\/{rel}","templated":true}]}}