{"id":146,"date":"2010-05-07T13:55:32","date_gmt":"2010-05-07T11:55:32","guid":{"rendered":"http:\/\/www.biziberria.fr\/wordpress\/?page_id=146"},"modified":"2010-11-18T08:56:09","modified_gmt":"2010-11-18T06:56:09","slug":"les-carreleurs","status":"publish","type":"page","link":"https:\/\/www.biziberria.fr\/wordpress\/?page_id=146","title":{"rendered":"les Carreleurs"},"content":{"rendered":"<h2 style=\"text-align: justify;\"><span style=\"color: #800000;\"><em>Ils ont \u00e9t\u00e9 tr\u00e8s\u00a0efficaces\u00a0durant plusieurs weekends, et oui travaillant la semaine, Armindo, Adriano, Jean paolo, Filipe, ont\u00a0oeuvr\u00e9\u00a0\u00a0sans\u00a0rel\u00e2che tant sur les murs qu&rsquo;au sol pour rendre notre local accessible \u00a0et propre. Je tiens \u00e0 pr\u00e9ciser que nous n&rsquo;avons qu&rsquo;a eu \u00e0 acheter le carrelage et la\u00a0colletout le reste a \u00e9t\u00e9 fait gratuitement.<\/em><\/span><\/h2>\n<h1 style=\"text-align: justify;\"><span style=\"color: #800000;\"><em><span style=\"color: #993300;\">MERCI, MERCI, on ne le dira jamais assez les amis.<\/span><\/em><\/span><\/h1>\n<h3 style=\"text-align: justify;\"><em><strong><span style=\"color: #333300;\">\n\t\t<style type=\"text\/css\">\n\t\t\t#gallery-1 {\n\t\t\t\tmargin: auto;\n\t\t\t}\n\t\t\t#gallery-1 .gallery-item {\n\t\t\t\tfloat: left;\n\t\t\t\tmargin-top: 10px;\n\t\t\t\ttext-align: center;\n\t\t\t\twidth: 33%;\n\t\t\t}\n\t\t\t#gallery-1 img {\n\t\t\t\tborder: 2px solid #cfcfcf;\n\t\t\t}\n\t\t\t#gallery-1 .gallery-caption {\n\t\t\t\tmargin-left: 0;\n\t\t\t}\n\t\t\t\/* see gallery_shortcode() in wp-includes\/media.php *\/\n\t\t<\/style>\n\t\t<div id='gallery-1' class='gallery galleryid-146 gallery-columns-3 gallery-size-thumbnail'><dl class='gallery-item'>\n\t\t\t<dt class='gallery-icon landscape'>\n\t\t\t\t<a href='https:\/\/www.biziberria.fr\/wordpress\/wp-content\/uploads\/2010\/05\/Photo0032.jpg'><img loading=\"lazy\" decoding=\"async\" width=\"150\" height=\"150\" src=\"https:\/\/www.biziberria.fr\/wordpress\/wp-content\/uploads\/2010\/05\/Photo0032-150x150.jpg\" class=\"attachment-thumbnail size-thumbnail\" alt=\"\" \/><\/a>\n\t\t\t<\/dt><\/dl><dl class='gallery-item'>\n\t\t\t<dt class='gallery-icon portrait'>\n\t\t\t\t<a href='https:\/\/www.biziberria.fr\/wordpress\/wp-content\/uploads\/2010\/05\/Photo0021.jpg'><img loading=\"lazy\" decoding=\"async\" width=\"150\" height=\"150\" src=\"https:\/\/www.biziberria.fr\/wordpress\/wp-content\/uploads\/2010\/05\/Photo0021-150x150.jpg\" class=\"attachment-thumbnail size-thumbnail\" alt=\"\" \/><\/a>\n\t\t\t<\/dt><\/dl><dl class='gallery-item'>\n\t\t\t<dt class='gallery-icon portrait'>\n\t\t\t\t<a href='https:\/\/www.biziberria.fr\/wordpress\/wp-content\/uploads\/2010\/05\/Photo0020.jpg'><img loading=\"lazy\" decoding=\"async\" width=\"150\" height=\"150\" src=\"https:\/\/www.biziberria.fr\/wordpress\/wp-content\/uploads\/2010\/05\/Photo0020-150x150.jpg\" class=\"attachment-thumbnail size-thumbnail\" alt=\"\" \/><\/a>\n\t\t\t<\/dt><\/dl><br style=\"clear: both\" \/><dl class='gallery-item'>\n\t\t\t<dt class='gallery-icon portrait'>\n\t\t\t\t<a href='https:\/\/www.biziberria.fr\/wordpress\/wp-content\/uploads\/2010\/05\/Photo0026.jpg'><img loading=\"lazy\" decoding=\"async\" width=\"150\" height=\"150\" src=\"https:\/\/www.biziberria.fr\/wordpress\/wp-content\/uploads\/2010\/05\/Photo0026-150x150.jpg\" class=\"attachment-thumbnail size-thumbnail\" alt=\"\" \/><\/a>\n\t\t\t<\/dt><\/dl><dl class='gallery-item'>\n\t\t\t<dt class='gallery-icon portrait'>\n\t\t\t\t<a href='https:\/\/www.biziberria.fr\/wordpress\/wp-content\/uploads\/2010\/05\/Photo0024.jpg'><img loading=\"lazy\" decoding=\"async\" width=\"150\" height=\"150\" src=\"https:\/\/www.biziberria.fr\/wordpress\/wp-content\/uploads\/2010\/05\/Photo0024-150x150.jpg\" class=\"attachment-thumbnail size-thumbnail\" alt=\"\" \/><\/a>\n\t\t\t<\/dt><\/dl><dl class='gallery-item'>\n\t\t\t<dt class='gallery-icon landscape'>\n\t\t\t\t<a href='https:\/\/www.biziberria.fr\/wordpress\/wp-content\/uploads\/2010\/05\/Photo0025.jpg'><img loading=\"lazy\" decoding=\"async\" width=\"150\" height=\"150\" src=\"https:\/\/www.biziberria.fr\/wordpress\/wp-content\/uploads\/2010\/05\/Photo0025-150x150.jpg\" class=\"attachment-thumbnail size-thumbnail\" alt=\"\" \/><\/a>\n\t\t\t<\/dt><\/dl><br style=\"clear: both\" \/><dl class='gallery-item'>\n\t\t\t<dt class='gallery-icon portrait'>\n\t\t\t\t<a href='https:\/\/www.biziberria.fr\/wordpress\/wp-content\/uploads\/2010\/05\/Photo0038.jpg'><img loading=\"lazy\" decoding=\"async\" width=\"150\" height=\"150\" src=\"https:\/\/www.biziberria.fr\/wordpress\/wp-content\/uploads\/2010\/05\/Photo0038-150x150.jpg\" class=\"attachment-thumbnail size-thumbnail\" alt=\"\" \/><\/a>\n\t\t\t<\/dt><\/dl><dl class='gallery-item'>\n\t\t\t<dt class='gallery-icon portrait'>\n\t\t\t\t<a href='https:\/\/www.biziberria.fr\/wordpress\/wp-content\/uploads\/2010\/05\/Photo0041.jpg'><img loading=\"lazy\" decoding=\"async\" width=\"150\" height=\"150\" src=\"https:\/\/www.biziberria.fr\/wordpress\/wp-content\/uploads\/2010\/05\/Photo0041-150x150.jpg\" class=\"attachment-thumbnail size-thumbnail\" alt=\"\" \/><\/a>\n\t\t\t<\/dt><\/dl><dl class='gallery-item'>\n\t\t\t<dt class='gallery-icon portrait'>\n\t\t\t\t<a href='https:\/\/www.biziberria.fr\/wordpress\/wp-content\/uploads\/2010\/05\/iiiiiiii.jpg'><img loading=\"lazy\" decoding=\"async\" width=\"150\" height=\"150\" src=\"https:\/\/www.biziberria.fr\/wordpress\/wp-content\/uploads\/2010\/05\/iiiiiiii-150x150.jpg\" class=\"attachment-thumbnail size-thumbnail\" alt=\"\" \/><\/a>\n\t\t\t<\/dt><\/dl><br style=\"clear: both\" \/><dl class='gallery-item'>\n\t\t\t<dt class='gallery-icon portrait'>\n\t\t\t\t<a href='https:\/\/www.biziberria.fr\/wordpress\/wp-content\/uploads\/2010\/05\/gggggg.jpg'><img loading=\"lazy\" decoding=\"async\" width=\"150\" height=\"150\" src=\"https:\/\/www.biziberria.fr\/wordpress\/wp-content\/uploads\/2010\/05\/gggggg-150x150.jpg\" class=\"attachment-thumbnail size-thumbnail\" alt=\"\" \/><\/a>\n\t\t\t<\/dt><\/dl><dl class='gallery-item'>\n\t\t\t<dt class='gallery-icon portrait'>\n\t\t\t\t<a href='https:\/\/www.biziberria.fr\/wordpress\/wp-content\/uploads\/2010\/05\/hhhhh.jpg'><img loading=\"lazy\" decoding=\"async\" width=\"150\" height=\"150\" src=\"https:\/\/www.biziberria.fr\/wordpress\/wp-content\/uploads\/2010\/05\/hhhhh-150x150.jpg\" class=\"attachment-thumbnail size-thumbnail\" alt=\"\" \/><\/a>\n\t\t\t<\/dt><\/dl><dl class='gallery-item'>\n\t\t\t<dt class='gallery-icon portrait'>\n\t\t\t\t<a href='https:\/\/www.biziberria.fr\/wordpress\/wp-content\/uploads\/2010\/05\/Photo0069.jpg'><img loading=\"lazy\" decoding=\"async\" width=\"150\" height=\"150\" src=\"https:\/\/www.biziberria.fr\/wordpress\/wp-content\/uploads\/2010\/05\/Photo0069-150x150.jpg\" class=\"attachment-thumbnail size-thumbnail\" alt=\"\" \/><\/a>\n\t\t\t<\/dt><\/dl><br style=\"clear: both\" \/><dl class='gallery-item'>\n\t\t\t<dt class='gallery-icon portrait'>\n\t\t\t\t<a href='https:\/\/www.biziberria.fr\/wordpress\/wp-content\/uploads\/2010\/05\/Photo0078.jpg'><img loading=\"lazy\" decoding=\"async\" width=\"150\" height=\"150\" src=\"https:\/\/www.biziberria.fr\/wordpress\/wp-content\/uploads\/2010\/05\/Photo0078-150x150.jpg\" class=\"attachment-thumbnail size-thumbnail\" alt=\"\" \/><\/a>\n\t\t\t<\/dt><\/dl><dl class='gallery-item'>\n\t\t\t<dt class='gallery-icon portrait'>\n\t\t\t\t<a href='https:\/\/www.biziberria.fr\/wordpress\/wp-content\/uploads\/2010\/05\/Photo0080.jpg'><img loading=\"lazy\" decoding=\"async\" width=\"150\" height=\"150\" src=\"https:\/\/www.biziberria.fr\/wordpress\/wp-content\/uploads\/2010\/05\/Photo0080-150x150.jpg\" class=\"attachment-thumbnail size-thumbnail\" alt=\"\" \/><\/a>\n\t\t\t<\/dt><\/dl><dl class='gallery-item'>\n\t\t\t<dt class='gallery-icon portrait'>\n\t\t\t\t<a href='https:\/\/www.biziberria.fr\/wordpress\/wp-content\/uploads\/2010\/05\/Photo0082.jpg'><img loading=\"lazy\" decoding=\"async\" width=\"150\" height=\"150\" src=\"https:\/\/www.biziberria.fr\/wordpress\/wp-content\/uploads\/2010\/05\/Photo0082-150x150.jpg\" class=\"attachment-thumbnail size-thumbnail\" alt=\"\" \/><\/a>\n\t\t\t<\/dt><\/dl><br style=\"clear: both\" \/><dl class='gallery-item'>\n\t\t\t<dt class='gallery-icon portrait'>\n\t\t\t\t<a href='https:\/\/www.biziberria.fr\/wordpress\/wp-content\/uploads\/2010\/05\/Photo0085.jpg'><img loading=\"lazy\" decoding=\"async\" width=\"150\" height=\"150\" src=\"https:\/\/www.biziberria.fr\/wordpress\/wp-content\/uploads\/2010\/05\/Photo0085-150x150.jpg\" class=\"attachment-thumbnail size-thumbnail\" alt=\"\" \/><\/a>\n\t\t\t<\/dt><\/dl><dl class='gallery-item'>\n\t\t\t<dt class='gallery-icon portrait'>\n\t\t\t\t<a href='https:\/\/www.biziberria.fr\/wordpress\/wp-content\/uploads\/2010\/05\/Photo0087.jpg'><img loading=\"lazy\" decoding=\"async\" width=\"150\" height=\"150\" src=\"https:\/\/www.biziberria.fr\/wordpress\/wp-content\/uploads\/2010\/05\/Photo0087-150x150.jpg\" class=\"attachment-thumbnail size-thumbnail\" alt=\"\" \/><\/a>\n\t\t\t<\/dt><\/dl><dl class='gallery-item'>\n\t\t\t<dt class='gallery-icon landscape'>\n\t\t\t\t<a href='https:\/\/www.biziberria.fr\/wordpress\/wp-content\/uploads\/2010\/05\/Photo0088.jpg'><img loading=\"lazy\" decoding=\"async\" width=\"150\" height=\"150\" src=\"https:\/\/www.biziberria.fr\/wordpress\/wp-content\/uploads\/2010\/05\/Photo0088-150x150.jpg\" class=\"attachment-thumbnail size-thumbnail\" alt=\"\" \/><\/a>\n\t\t\t<\/dt><\/dl><br style=\"clear: both\" \/>\n\t\t<\/div>\n<\/p>\n<h3 style=\"text-align: justify;\"><em><strong><span style=\"color: #333300;\"> <\/span><\/strong><\/em><\/h3>\n<p><\/span><\/strong><\/em><em><strong> <\/strong><\/em><\/h3>\n","protected":false},"excerpt":{"rendered":"<p>Ils ont \u00e9t\u00e9 tr\u00e8s\u00a0efficaces\u00a0durant plusieurs weekends, et oui travaillant la semaine, Armindo, Adriano, Jean paolo, Filipe, ont\u00a0oeuvr\u00e9\u00a0\u00a0sans\u00a0rel\u00e2che tant sur les murs qu&rsquo;au sol pour rendre notre local accessible \u00a0et propre. Je tiens \u00e0 pr\u00e9ciser que nous n&rsquo;avons qu&rsquo;a eu \u00e0 acheter le carrelage et la\u00a0colletout le reste a \u00e9t\u00e9 fait gratuitement. MERCI, MERCI, on ne [&hellip;]<\/p>\n","protected":false},"author":2,"featured_media":0,"parent":1715,"menu_order":2,"comment_status":"closed","ping_status":"closed","template":"","meta":{"footnotes":""},"class_list":["post-146","page","type-page","status-publish","hentry"],"_links":{"self":[{"href":"https:\/\/www.biziberria.fr\/wordpress\/index.php?rest_route=\/wp\/v2\/pages\/146","targetHints":{"allow":["GET"]}}],"collection":[{"href":"https:\/\/www.biziberria.fr\/wordpress\/index.php?rest_route=\/wp\/v2\/pages"}],"about":[{"href":"https:\/\/www.biziberria.fr\/wordpress\/index.php?rest_route=\/wp\/v2\/types\/page"}],"author":[{"embeddable":true,"href":"https:\/\/www.biziberria.fr\/wordpress\/index.php?rest_route=\/wp\/v2\/users\/2"}],"replies":[{"embeddable":true,"href":"https:\/\/www.biziberria.fr\/wordpress\/index.php?rest_route=%2Fwp%2Fv2%2Fcomments&post=146"}],"version-history":[{"count":14,"href":"https:\/\/www.biziberria.fr\/wordpress\/index.php?rest_route=\/wp\/v2\/pages\/146\/revisions"}],"predecessor-version":[{"id":1786,"href":"https:\/\/www.biziberria.fr\/wordpress\/index.php?rest_route=\/wp\/v2\/pages\/146\/revisions\/1786"}],"up":[{"embeddable":true,"href":"https:\/\/www.biziberria.fr\/wordpress\/index.php?rest_route=\/wp\/v2\/pages\/1715"}],"wp:attachment":[{"href":"https:\/\/www.biziberria.fr\/wordpress\/index.php?rest_route=%2Fwp%2Fv2%2Fmedia&parent=146"}],"curies":[{"name":"wp","href":"https:\/\/api.w.org\/{rel}","templated":true}]}}