{"id":14,"date":"2010-05-03T14:55:54","date_gmt":"2010-05-03T12:55:54","guid":{"rendered":"http:\/\/www.biziberria.fr\/wordpress\/?page_id=14"},"modified":"2011-05-28T08:16:50","modified_gmt":"2011-05-28T06:16:50","slug":"pourquoi-b-b","status":"publish","type":"page","link":"https:\/\/www.biziberria.fr\/wordpress\/?page_id=14","title":{"rendered":"Pourquoi B.B."},"content":{"rendered":"<h3><em><span style=\"color: #800000;\">BIZI BERRIA<\/span><span style=\"color: #339966;\">( Nouvelle Vie)<\/span><\/em> <em><span style=\"color: #000080;\">est une association cr\u00e9\u00e9e pour organiser des loisirs et des distractions pour les personnes\u00a0 c\u00e9r\u00e9brol\u00e9s\u00e9es. Cette asso est dirig\u00e9e et g\u00e9r\u00e9e par des c\u00e9r\u00e9brol\u00e9s\u00e9s essentiellement pour des c\u00e9r\u00e9brol\u00e9s\u00e9s.<\/span><\/em><\/h3>\n<h2 style=\"text-align: justify;\"><em><span style=\"color: #000080;\"> <\/span><\/em><\/h2>\n<h3 style=\"text-align: justify;\"><span style=\"color: #000080;\"><em> Un <span style=\"text-decoration: underline;\">c\u00e9r\u00e9brol\u00e9s\u00e9<\/span> est une personne qui a subi une l\u00e9sion au niveau du cerveau suite \u00e0 un traumatisme cr\u00e2nien, un AVC (Accident Vasculaire C\u00e9r\u00e9bral), une rupture d&rsquo;an\u00e9vrisme ou toute autre cause neurologique, syndromes et maladie attaquant les neurones.<br \/>\n<\/em><em><span style=\"text-decoration: underline;\">L&rsquo;objet <\/span>de notre association est d&rsquo;organiser des loisirs entre le plus grand nombre de personnes c\u00e9r\u00e9brol\u00e9s\u00e9es et parfois avec les membres bienfaiteurs, afin de lutter cette solitude\u00a0pour qu&rsquo;ensemble nous nous soutenions\u00a0pour\u00a0\u00eatre\u00a0plus forts. Ceci afin d&rsquo;affronter avec nos s\u00e9quelles la vie en soci\u00e9t\u00e9 en partageant avec les autres nos diff\u00e9rences pour en faire na\u00eetre une richesse commune. <\/em><\/span><\/h3>\n","protected":false},"excerpt":{"rendered":"<p>BIZI BERRIA( Nouvelle Vie) est une association cr\u00e9\u00e9e pour organiser des loisirs et des distractions pour les personnes\u00a0 c\u00e9r\u00e9brol\u00e9s\u00e9es. Cette asso est dirig\u00e9e et g\u00e9r\u00e9e par des c\u00e9r\u00e9brol\u00e9s\u00e9s essentiellement pour des c\u00e9r\u00e9brol\u00e9s\u00e9s. Un c\u00e9r\u00e9brol\u00e9s\u00e9 est une personne qui a subi une l\u00e9sion au niveau du cerveau suite \u00e0 un traumatisme cr\u00e2nien, un AVC (Accident Vasculaire [&hellip;]<\/p>\n","protected":false},"author":2,"featured_media":0,"parent":0,"menu_order":2,"comment_status":"closed","ping_status":"closed","template":"","meta":{"footnotes":""},"class_list":["post-14","page","type-page","status-publish","hentry"],"_links":{"self":[{"href":"https:\/\/www.biziberria.fr\/wordpress\/index.php?rest_route=\/wp\/v2\/pages\/14","targetHints":{"allow":["GET"]}}],"collection":[{"href":"https:\/\/www.biziberria.fr\/wordpress\/index.php?rest_route=\/wp\/v2\/pages"}],"about":[{"href":"https:\/\/www.biziberria.fr\/wordpress\/index.php?rest_route=\/wp\/v2\/types\/page"}],"author":[{"embeddable":true,"href":"https:\/\/www.biziberria.fr\/wordpress\/index.php?rest_route=\/wp\/v2\/users\/2"}],"replies":[{"embeddable":true,"href":"https:\/\/www.biziberria.fr\/wordpress\/index.php?rest_route=%2Fwp%2Fv2%2Fcomments&post=14"}],"version-history":[{"count":16,"href":"https:\/\/www.biziberria.fr\/wordpress\/index.php?rest_route=\/wp\/v2\/pages\/14\/revisions"}],"predecessor-version":[{"id":10779,"href":"https:\/\/www.biziberria.fr\/wordpress\/index.php?rest_route=\/wp\/v2\/pages\/14\/revisions\/10779"}],"wp:attachment":[{"href":"https:\/\/www.biziberria.fr\/wordpress\/index.php?rest_route=%2Fwp%2Fv2%2Fmedia&parent=14"}],"curies":[{"name":"wp","href":"https:\/\/api.w.org\/{rel}","templated":true}]}}