{"id":10898,"date":"2022-05-25T10:37:34","date_gmt":"2022-05-25T08:37:34","guid":{"rendered":"https:\/\/www.biziberria.fr\/wordpress\/?page_id=10898"},"modified":"2022-05-25T10:37:34","modified_gmt":"2022-05-25T08:37:34","slug":"compte-rendu","status":"publish","type":"page","link":"https:\/\/www.biziberria.fr\/wordpress\/?page_id=10898","title":{"rendered":"COMPTE RENDU"},"content":{"rendered":"\n<p><strong>Compte rendu assembl\u00e9e g\u00e9n\u00e9rale du 21 Mai 2022<\/strong><\/p>\n\n\n\n<p>Le Pr\u00e9sident sortant, ainsi que tous les membres du bureau, d\u00e9missionnent de leur poste et d\u00e9clarent&nbsp; l\u2019assembl\u00e9e&nbsp; ouverte.<\/p>\n\n\n\n<p>Lecture du rapport moral puis pr\u00e9sentation des comptes de BB et du GEM BB par J. FALAGAN le parrain qui rappelle nos souhaits d\u2019une extension au local.<\/p>\n\n\n\n<p>Les comptes sont approuv\u00e9s.<\/p>\n\n\n\n<p>Nous donnons maintenant la parole aux adh\u00e9rents pr\u00e9sents qui n\u2019ont pas&nbsp; de questions particuli\u00e8res.<\/p>\n\n\n\n<p>Nous proc\u00e9dons ensuite \u00e0 la r\u00e9\u00e9lection du CA donc aves les membres actifs pr\u00e9sents, D. DASSE absent du \u00e0 des imp\u00e9ratifs mais postule tout de m\u00eame donc le Conseil d\u2019administration &nbsp;sera compos\u00e9 de&nbsp;:<\/p>\n\n\n\n<ul class=\"wp-block-list\"><li>Julie ARGUINDEGUY<\/li><li>Patrick LASSUS<\/li><li>Lucia DELARSILLES<\/li><li>Emilie ERTAURAN<\/li><li>Mychi LE<\/li><li>Bruno VALIENNE<\/li><li>Nelson TEIXEIRA<\/li><li>S\u00e9bastien JACQUEMIN<\/li><li>Raymond MARTINEZ<\/li><li>Dominique DASSE<\/li><\/ul>\n\n\n\n<p>Puis le bureau qui ne change pas&nbsp;:<\/p>\n\n\n\n<p>Pr\u00e9sident&nbsp;: P. LASSUS<\/p>\n\n\n\n<p>Vice pr\u00e9sidente&nbsp;: J. ARGUINDEGUY<\/p>\n\n\n\n<p>Secr\u00e9taire et vice&nbsp;: E. ERTAURAN et MYCHI LE<\/p>\n\n\n\n<p>Tr\u00e9sorier et vice&nbsp;: L. DELARSILLES et B. VALIENNE<\/p>\n\n\n\n<p>L\u2019assembl\u00e9e est cl\u00f4tur\u00e9e \u00e0 11H30<\/p>\n","protected":false},"excerpt":{"rendered":"<p>Compte rendu assembl\u00e9e g\u00e9n\u00e9rale du 21 Mai 2022 Le Pr\u00e9sident sortant, ainsi que tous les membres du bureau, d\u00e9missionnent de leur poste et d\u00e9clarent&nbsp; l\u2019assembl\u00e9e&nbsp; ouverte. Lecture du rapport moral puis pr\u00e9sentation des comptes de BB et du GEM BB par J. FALAGAN le parrain qui rappelle nos souhaits d\u2019une extension au local. Les comptes [&hellip;]<\/p>\n","protected":false},"author":2,"featured_media":0,"parent":10895,"menu_order":0,"comment_status":"closed","ping_status":"closed","template":"","meta":{"footnotes":""},"class_list":["post-10898","page","type-page","status-publish","hentry"],"_links":{"self":[{"href":"https:\/\/www.biziberria.fr\/wordpress\/index.php?rest_route=\/wp\/v2\/pages\/10898","targetHints":{"allow":["GET"]}}],"collection":[{"href":"https:\/\/www.biziberria.fr\/wordpress\/index.php?rest_route=\/wp\/v2\/pages"}],"about":[{"href":"https:\/\/www.biziberria.fr\/wordpress\/index.php?rest_route=\/wp\/v2\/types\/page"}],"author":[{"embeddable":true,"href":"https:\/\/www.biziberria.fr\/wordpress\/index.php?rest_route=\/wp\/v2\/users\/2"}],"replies":[{"embeddable":true,"href":"https:\/\/www.biziberria.fr\/wordpress\/index.php?rest_route=%2Fwp%2Fv2%2Fcomments&post=10898"}],"version-history":[{"count":1,"href":"https:\/\/www.biziberria.fr\/wordpress\/index.php?rest_route=\/wp\/v2\/pages\/10898\/revisions"}],"predecessor-version":[{"id":10899,"href":"https:\/\/www.biziberria.fr\/wordpress\/index.php?rest_route=\/wp\/v2\/pages\/10898\/revisions\/10899"}],"up":[{"embeddable":true,"href":"https:\/\/www.biziberria.fr\/wordpress\/index.php?rest_route=\/wp\/v2\/pages\/10895"}],"wp:attachment":[{"href":"https:\/\/www.biziberria.fr\/wordpress\/index.php?rest_route=%2Fwp%2Fv2%2Fmedia&parent=10898"}],"curies":[{"name":"wp","href":"https:\/\/api.w.org\/{rel}","templated":true}]}}