{"id":10895,"date":"2022-05-25T10:28:01","date_gmt":"2022-05-25T08:28:01","guid":{"rendered":"https:\/\/www.biziberria.fr\/wordpress\/?page_id=10895"},"modified":"2022-05-25T10:33:06","modified_gmt":"2022-05-25T08:33:06","slug":"assemblee-2022","status":"publish","type":"page","link":"https:\/\/www.biziberria.fr\/wordpress\/?page_id=10895","title":{"rendered":"Assembl\u00e9e 2022"},"content":{"rendered":"\n<p>Bonjour \u00e0 tous&nbsp;!<\/p>\n\n\n\n<p>Merci beaucoup d\u2019\u00eatre venu, d\u2019\u00eatre encore fid\u00e8le, en nous prouvant votre soutien \u00e0 ces principes qui nous sont si chers.<\/p>\n\n\n\n<p>Vos pr\u00e9sences et vos soutiens nous font tr\u00e8s chaud au c\u0153ur. Pour beaucoup d\u2019entre nous l\u2019\u00e9motion de l\u2019Assembl\u00e9e G\u00e9n\u00e9rale 2022 est presque aussi grande que celle de 2007, lors de l\u2019assembl\u00e9e constitutive.<\/p>\n\n\n\n<p>Comme vous l\u2019avez constat\u00e9 lors de ces 2 derni\u00e8res ann\u00e9es, BB n\u2019a put effectuer de rassemblement avec l\u2019<strong>ensemble<\/strong> de ces membres. Seul son GEM \u00e0 put maintenir quelques activit\u00e9s mais tr\u00e8s entre coup\u00e9es.<\/p>\n\n\n\n<p>Pour rappel le GEM est une partie de Bizi Berria, subventionn\u00e9e par l\u2019ARS au profil des personnes c\u00e9r\u00e9brol\u00e9s\u00e9es.<\/p>\n\n\n\n<p>En 2021, BIZI BERRIA comptait 30 membres actifs et 19 membres bienfaiteurs.<\/p>\n\n\n\n<p>Donc, lors des diff\u00e9rents confinements, nous avons multipli\u00e9 nos appels t\u00e9l\u00e9phoniques afin de ne pas laisser dans l\u2019isolement total les membres actifs. En renfor\u00e7ant le lien surtout avec les personnes isol\u00e9es.<\/p>\n\n\n\n<p>Puis quand il \u00e0 \u00e9t\u00e9 possible, BB \u00e0 accueillit ses membres.<\/p>\n\n\n\n<p>Mais vu l\u2019immensit\u00e9 du local, il a fallu pr\u00e9venir de sa venue afin de n\u2019\u00eatre qu\u2019un nombre de personne que trop restreint.<\/p>\n\n\n\n<p>Lors de ces instants de bonheurs qu\u2019on \u00e9t\u00e9 ces petites retrouvailles, des probl\u00e8mes se sont fait ressentir. Evidemment, les r\u00e8gles sanitaires &nbsp;nous ont \u00e9t\u00e9 assez difficiles \u00e0 faire comprendre, accepter et ex\u00e9cut\u00e9es pour la s\u00e9curit\u00e9 de tous&nbsp;! Mais &nbsp;au vu de notre fragilit\u00e9, on a pris<strong> beaucoup<\/strong> de pr\u00e9cautions (trop au vu de certains !)<\/p>\n\n\n\n<p>Nous avons, lorsqu\u2019il \u00e9tait possible, remis en place quelques activit\u00e9s. Elles se sont d\u00e9roul\u00e9es, dans un premier temps au local. L\u2019accueil des adh\u00e9rents ne voulant pas participer aux activit\u00e9s \u00e9tait alors devenu impossible.<\/p>\n\n\n\n<p>Relaxation, yoga,&nbsp; jeux de soci\u00e9t\u00e9 au local dans un premier temps, puis, dans un deuxi\u00e8me temps elles se sont d\u00e9roul\u00e9es dans les salles lou\u00e9es pour les activit\u00e9s quand il \u00e0 \u00e9t\u00e9 possible. Le v\u00e9lo \u00e0 tr\u00e8s vite repris (car il ne n\u00e9cessitait pas de transport de BB et \u00e9t\u00e9 une activit\u00e9 en plein air). Et nous avons, en dernier lieu, repris l\u2019\u00e9quitation, le cin\u00e9ma et le bowling<\/p>\n\n\n\n<p>Les mesures encore tenues (distanciations, lavage de main, port du masque\u2026) sont presque assimil\u00e9es pour tous mais au vu de la gal\u00e8re que \u00e7a a \u00e9t\u00e9&nbsp;: on est pas mal.<\/p>\n\n\n\n<p>Les \u00ab&nbsp;s\u00e9quelles&nbsp;\u00bb de ce COVID ont majoritairement \u00e9t\u00e9 (comme pour beaucoup de la population) un individualisme qui, pour \u00e9voluer dans BIZI BERRIA est un <strong>gros <\/strong>probl\u00e8me<strong>. Le chacun pour soit ne peux plus \u00eatre admis.<\/strong> Certes, il y a des excuses avec la distanciation, l\u2019impossibilit\u00e9 de toucher le m\u00eame objet sans se d\u00e9sinfecter\u2026 <strong>Mais ce chacun pour soit est contraire \u00e0 nos valeurs.<\/strong> Donc on va arr\u00eater d\u2019attendre de se faire servir et on va se r\u00e9approprier ce local&nbsp;!<\/p>\n\n\n\n<p>Cette p\u00e9riode o\u00f9, il faut encore tenir une distanciation n\u00e9cessaire ne fait que re soulign\u00e9 l\u2019exigu\u00eft\u00e9 du local. Vu la rapidit\u00e9 de l\u2019extension de notre local (5 ans d\u00e9j\u00e0), nous avons voulu contourner ce probl\u00e8me et demand\u00e9 au moins simplement la pose d\u2019un container, mais \u00e7a aussi c\u2019est compliqu\u00e9. Bon, on va continuer d\u2019insister certes, car l\u2019id\u00e9e d\u2019accueillir plus de personnes en m\u00eame temps est tr\u00e8s importante mais si vous avez 2 ou 3 contacts \u2026<\/p>\n\n\n\n<p>Nous esp\u00e9rons aussi, bien \u00e9videmment, refaire des repas avec vous cher membres bienfaiteurs.<\/p>\n\n\n\n<p>Et quant aux s\u00e9jours ou aux longues journ\u00e9es d\u2019activit\u00e9s sp\u00e9ciales elles ne pourront \u00eatre d\u2019actualit\u00e9 que lorsque l\u2019entraide et le \u00ab&nbsp;je pense aux autres \u00bb sera de nouveau d\u2019actualit\u00e9 pour<strong> tous<\/strong> et que le virus soit, bien \u00e9videment, moins pr\u00e9sent.<\/p>\n\n\n\n<p>Voil\u00e0 je vous aie pr\u00e9sent\u00e9 tr\u00e8s succinctement, ce qu\u2019il s\u2019est pass\u00e9 \u00e0 BB.<\/p>\n\n\n\n<p>Des questions&nbsp;?<\/p>\n\n\n\n<p>Je laisse la parole, \u00e0 Lucia, qui vous pr\u00e9sentera les comptes.<\/p>\n\n\n\n<p>Qui approuve les comptes&nbsp;? Qui n\u2019est pas d\u2019accord&nbsp;?<\/p>\n\n\n\n<p>Tout le monde est ok.<\/p>\n\n\n\n<p>Donc nous allons proc\u00e9der au vote du Conseil d\u2019administration.<\/p>\n\n\n\n<p>Comme l\u2019indiquent les statuts, ne peuvent se pr\u00e9senter que des personnes c\u00e9r\u00e9brol\u00e9s\u00e9es.<\/p>\n\n\n\n<p>Qui se pr\u00e9sente au conseil d\u2019administration&nbsp;?<\/p>\n\n\n\n<p>(Patrick, Julie, Lucia, Emilie, Mychi, Bruno, Nelson l\u00e8vent la main est indiqu\u00e9 que nous devons \u00eatre 12 au maximum.<\/p>\n\n\n\n<p>Raymond est un peu stimul\u00e9 puis finit par lever la main.<\/p>\n\n\n\n<p>Dominique DASSE ne peut \u00eatre pr\u00e9sent, mais souhaiterai faire parti du CA.<\/p>\n\n\n\n<p>Qui est pour (chacun est \u00e9num\u00e9r\u00e9)&nbsp;?<\/p>\n\n\n\n<p>Tous ok<\/p>\n\n\n\n<p>Alors maintenant avant de nous restaurer au ROYAL, place LAMOTHE, \u00e0 c\u00f4t\u00e9 de Supervie \u00e0 450m, je d\u00e9clare cette AG termin\u00e9e. Pour des raisons de simplicit\u00e9 de transport, nous allons r\u00e9unir tout de suite le CA puis proc\u00e9der au vote du bureau.<\/p>\n\n\n\n<pre class=\"wp-block-preformatted\"><\/pre>\n","protected":false},"excerpt":{"rendered":"<p>Bonjour \u00e0 tous&nbsp;! Merci beaucoup d\u2019\u00eatre venu, d\u2019\u00eatre encore fid\u00e8le, en nous prouvant votre soutien \u00e0 ces principes qui nous sont si chers. Vos pr\u00e9sences et vos soutiens nous font tr\u00e8s chaud au c\u0153ur. Pour beaucoup d\u2019entre nous l\u2019\u00e9motion de l\u2019Assembl\u00e9e G\u00e9n\u00e9rale 2022 est presque aussi grande que celle de 2007, lors de l\u2019assembl\u00e9e constitutive. [&hellip;]<\/p>\n","protected":false},"author":2,"featured_media":0,"parent":333,"menu_order":0,"comment_status":"closed","ping_status":"closed","template":"","meta":{"footnotes":""},"class_list":["post-10895","page","type-page","status-publish","hentry"],"_links":{"self":[{"href":"https:\/\/www.biziberria.fr\/wordpress\/index.php?rest_route=\/wp\/v2\/pages\/10895","targetHints":{"allow":["GET"]}}],"collection":[{"href":"https:\/\/www.biziberria.fr\/wordpress\/index.php?rest_route=\/wp\/v2\/pages"}],"about":[{"href":"https:\/\/www.biziberria.fr\/wordpress\/index.php?rest_route=\/wp\/v2\/types\/page"}],"author":[{"embeddable":true,"href":"https:\/\/www.biziberria.fr\/wordpress\/index.php?rest_route=\/wp\/v2\/users\/2"}],"replies":[{"embeddable":true,"href":"https:\/\/www.biziberria.fr\/wordpress\/index.php?rest_route=%2Fwp%2Fv2%2Fcomments&post=10895"}],"version-history":[{"count":1,"href":"https:\/\/www.biziberria.fr\/wordpress\/index.php?rest_route=\/wp\/v2\/pages\/10895\/revisions"}],"predecessor-version":[{"id":10897,"href":"https:\/\/www.biziberria.fr\/wordpress\/index.php?rest_route=\/wp\/v2\/pages\/10895\/revisions\/10897"}],"up":[{"embeddable":true,"href":"https:\/\/www.biziberria.fr\/wordpress\/index.php?rest_route=\/wp\/v2\/pages\/333"}],"wp:attachment":[{"href":"https:\/\/www.biziberria.fr\/wordpress\/index.php?rest_route=%2Fwp%2Fv2%2Fmedia&parent=10895"}],"curies":[{"name":"wp","href":"https:\/\/api.w.org\/{rel}","templated":true}]}}